{"id":12633,"date":"2024-01-30T15:51:51","date_gmt":"2024-01-30T15:51:51","guid":{"rendered":"https:\/\/www.generalfilter.com\/emploi\/"},"modified":"2024-04-29T09:31:11","modified_gmt":"2024-04-29T09:31:11","slug":"emploi","status":"publish","type":"page","link":"https:\/\/www.generalfilter.com\/fr\/emploi\/","title":{"rendered":"Emploi"},"content":{"rendered":"\t\t<div data-elementor-type=\"wp-page\" data-elementor-id=\"12633\" class=\"elementor elementor-12633 elementor-583\" data-elementor-post-type=\"page\">\n\t\t\t\t<div class=\"elementor-element elementor-element-991ff52 e-flex e-con-boxed e-con e-parent\" data-id=\"991ff52\" data-element_type=\"container\" data-e-type=\"container\">\n\t\t\t\t\t<div class=\"e-con-inner\">\n\t\t\t\t<div class=\"elementor-element elementor-element-fc68dae azzurro-titoli elementor-widget elementor-widget-heading\" data-id=\"fc68dae\" data-element_type=\"widget\" data-e-type=\"widget\" data-widget_type=\"heading.default\">\n\t\t\t\t<div class=\"elementor-widget-container\">\n\t\t\t\t\t<h1 class=\"elementor-heading-title elementor-size-default\">Travaillez avec nous<\/h1>\t\t\t\t<\/div>\n\t\t\t\t<\/div>\n\t\t\t\t\t<\/div>\n\t\t\t\t<\/div>\n\t\t<div class=\"elementor-element elementor-element-b41b9a7 elementor-hidden-tablet e-flex e-con-boxed e-con e-parent\" data-id=\"b41b9a7\" data-element_type=\"container\" data-e-type=\"container\">\n\t\t\t\t\t<div class=\"e-con-inner\">\n\t\t<div class=\"elementor-element elementor-element-fcd9311 e-con-full e-flex e-con e-child\" data-id=\"fcd9311\" data-element_type=\"container\" data-e-type=\"container\">\n\t\t\t\t<div class=\"elementor-element elementor-element-0b2a71c elementor-widget elementor-widget-heading\" data-id=\"0b2a71c\" data-element_type=\"widget\" data-e-type=\"widget\" data-widget_type=\"heading.default\">\n\t\t\t\t<div class=\"elementor-widget-container\">\n\t\t\t\t\t<h2 class=\"elementor-heading-title elementor-size-default\">Envoyez votre <br> candidature<\/h2>\t\t\t\t<\/div>\n\t\t\t\t<\/div>\n\t\t\t\t<div class=\"elementor-element elementor-element-557cb32 elementor-widget elementor-widget-text-editor\" data-id=\"557cb32\" data-element_type=\"widget\" data-e-type=\"widget\" data-widget_type=\"text-editor.default\">\n\t\t\t\t<div class=\"elementor-widget-container\">\n\t\t\t\t\t\t\t\t\tNous sommes toujours \u00e0 la recherche de nouveaux collaborateurs.\nVeuillez nous envoyer votre candidature en remplissant toutes les donn\u00e9es n\u00e9cessaires,\nvous serez contact\u00e9 si votre profil correspond \u00e0 nos besoins et aux postes ouverts.\t\t\t\t\t\t\t\t<\/div>\n\t\t\t\t<\/div>\n\t\t\t\t<\/div>\n\t\t<div class=\"elementor-element elementor-element-db50e12 e-con-full e-flex e-con e-child\" data-id=\"db50e12\" data-element_type=\"container\" data-e-type=\"container\" data-settings=\"{&quot;background_background&quot;:&quot;classic&quot;}\">\n\t\t\t\t<div class=\"elementor-element elementor-element-ef0eafb elementor-widget elementor-widget-shortcode\" data-id=\"ef0eafb\" data-element_type=\"widget\" data-e-type=\"widget\" data-widget_type=\"shortcode.default\">\n\t\t\t\t<div class=\"elementor-widget-container\">\n\t\t\t\t\t\t\t<div class=\"elementor-shortcode\">\n<div class=\"wpcf7 no-js\" id=\"wpcf7-f13286-o1\" lang=\"fr-FR\" dir=\"ltr\" data-wpcf7-id=\"13286\">\n<div class=\"screen-reader-response\"><p role=\"status\" aria-live=\"polite\" aria-atomic=\"true\"><\/p> <ul><\/ul><\/div>\n<form action=\"\/fr\/wp-json\/wp\/v2\/pages\/12633#wpcf7-f13286-o1\" method=\"post\" class=\"wpcf7-form init\" aria-label=\"Formulaire de contact\" enctype=\"multipart\/form-data\" novalidate=\"novalidate\" data-status=\"init\">\n<fieldset class=\"hidden-fields-container\"><input type=\"hidden\" name=\"_wpcf7\" value=\"13286\" \/><input type=\"hidden\" name=\"_wpcf7_version\" value=\"6.1.5\" \/><input type=\"hidden\" name=\"_wpcf7_locale\" value=\"fr_FR\" \/><input type=\"hidden\" name=\"_wpcf7_unit_tag\" value=\"wpcf7-f13286-o1\" \/><input type=\"hidden\" name=\"_wpcf7_container_post\" value=\"0\" \/><input type=\"hidden\" name=\"_wpcf7_posted_data_hash\" value=\"\" \/><input type=\"hidden\" name=\"_wpcf7_recaptcha_response\" value=\"\" \/>\n<\/fieldset>\n<div class=\"modulo-contatto-job-sx\">\n\t<p><span class=\"col-sx-contatto-job\"><span class=\"wpcf7-form-control-wrap\" data-name=\"nome\"><input size=\"40\" maxlength=\"400\" class=\"wpcf7-form-control wpcf7-text wpcf7-validates-as-required\" aria-required=\"true\" aria-invalid=\"false\" placeholder=\"PR\u00c9NOM*\" value=\"\" type=\"text\" name=\"nome\" \/><\/span><\/span><span class=\"col-sx-contatto-job\"><span class=\"wpcf7-form-control-wrap\" data-name=\"your-email\"><input size=\"40\" maxlength=\"400\" class=\"wpcf7-form-control wpcf7-email wpcf7-validates-as-required wpcf7-text wpcf7-validates-as-email\" aria-required=\"true\" aria-invalid=\"false\" placeholder=\"E-MAIL*\" value=\"\" type=\"email\" name=\"your-email\" \/><\/span><\/span><br \/>\n<span class=\"col-sx-contatto-job\"><span class=\"wpcf7-form-control-wrap\" data-name=\"menu-mansione\"><select class=\"wpcf7-form-control wpcf7-select wpcf7-validates-as-required\" aria-required=\"true\" aria-invalid=\"false\" name=\"menu-mansione\"><option value=\"\">&#8212;Veuillez choisir une option&#8212;<\/option><option value=\"COMMERCIAL\">COMMERCIAL<\/option><option value=\"ADMINISTRATION\">ADMINISTRATION<\/option><option value=\"IT\">IT<\/option><option value=\"BUREAU TECHNIQUE\">BUREAU TECHNIQUE<\/option><option value=\"PRODUCTION\">PRODUCTION<\/option><\/select><\/span><\/span><br \/>\n<span class=\"col-sx-contatto-job\"><span class=\"wpcf7-form-control-wrap\" data-name=\"oggetto\"><input size=\"40\" maxlength=\"400\" class=\"wpcf7-form-control wpcf7-text wpcf7-validates-as-required\" aria-required=\"true\" aria-invalid=\"false\" placeholder=\"OBJET*\" value=\"\" type=\"text\" name=\"oggetto\" \/><\/span><\/span><span class=\"col-msg-sx\"> <label><span class=\"wpcf7-form-control-wrap\" data-name=\"Messaggio\"><textarea cols=\"40\" rows=\"10\" maxlength=\"2000\" class=\"wpcf7-form-control wpcf7-textarea\" aria-invalid=\"false\" placeholder=\"MESSAGE\" name=\"Messaggio\"><\/textarea><\/span><\/label><\/span>\n\t<\/p>\n<\/div>\n<div class=\"modulo-contatto-job-dx\">\n\t<h4>T\u00c9L\u00c9CHARGER VOTRE CV\n\t<\/h4>\n\t<p><span class=\"wpcf7-form-control-wrap\" data-name=\"file-654\"><input size=\"40\" class=\"wpcf7-form-control wpcf7-file wpcf7-validates-as-required\" accept=\".pdf\" aria-required=\"true\" aria-invalid=\"false\" type=\"file\" name=\"file-654\" \/><\/span>\n\t<\/p>\n\t<p class=\"privacy\"><span class=\"wpcf7-form-control-wrap\" data-name=\"accetto\"><span class=\"wpcf7-form-control wpcf7-checkbox wpcf7-validates-as-required\"><span class=\"wpcf7-list-item first last\"><input type=\"checkbox\" name=\"accetto[]\" value=\"J&#039;ai lu et accept\u00e9 le\" \/><span class=\"wpcf7-list-item-label\">J&#039;ai lu et accept\u00e9 le<\/span><\/span><\/span><\/span><a href=\"https:\/\/www.generalfilter.com\/wp-content\/uploads\/2024\/06\/informativa_job_FR.pdf\" target=\"_blank\"> Politique de confidentialit\u00e9*<\/a> Je donne mon consentement au traitement des donn\u00e9es personnelles pour la s\u00e9lection du personnel pour l'\u00e9tablissement d'une relation de travail.\n\t<\/p>\n\t<p><input class=\"wpcf7-form-control wpcf7-submit has-spinner\" type=\"submit\" value=\"SOUMETTRE\" \/>\n\t<\/p>\n<\/div><p style=\"display: none !important;\" class=\"akismet-fields-container\" data-prefix=\"_wpcf7_ak_\"><label>&#916;<textarea name=\"_wpcf7_ak_hp_textarea\" cols=\"45\" rows=\"8\" maxlength=\"100\"><\/textarea><\/label><input type=\"hidden\" id=\"ak_js_1\" name=\"_wpcf7_ak_js\" value=\"141\"\/><script>document.getElementById( \"ak_js_1\" ).setAttribute( \"value\", ( new Date() ).getTime() );<\/script><\/p><div class=\"wpcf7-response-output\" aria-hidden=\"true\"><\/div>\n<\/form>\n<\/div>\n<\/div>\n\t\t\t\t\t\t<\/div>\n\t\t\t\t<\/div>\n\t\t\t\t<\/div>\n\t\t\t\t\t<\/div>\n\t\t\t\t<\/div>\n\t\t<div class=\"elementor-element elementor-element-9e95f09 elementor-hidden-desktop elementor-hidden-mobile e-flex e-con-boxed e-con e-parent\" data-id=\"9e95f09\" data-element_type=\"container\" data-e-type=\"container\">\n\t\t\t\t\t<div class=\"e-con-inner\">\n\t\t<div class=\"elementor-element elementor-element-a86beea e-flex e-con-boxed e-con e-child\" data-id=\"a86beea\" data-element_type=\"container\" data-e-type=\"container\">\n\t\t\t\t\t<div class=\"e-con-inner\">\n\t\t\t\t<div class=\"elementor-element elementor-element-2610162 elementor-widget elementor-widget-heading\" data-id=\"2610162\" data-element_type=\"widget\" data-e-type=\"widget\" data-widget_type=\"heading.default\">\n\t\t\t\t<div class=\"elementor-widget-container\">\n\t\t\t\t\t<h2 class=\"elementor-heading-title elementor-size-default\">Envoyez-nous votre candidature<\/h2>\t\t\t\t<\/div>\n\t\t\t\t<\/div>\n\t\t\t\t<div class=\"elementor-element elementor-element-0a945b0 elementor-widget elementor-widget-text-editor\" data-id=\"0a945b0\" data-element_type=\"widget\" data-e-type=\"widget\" data-widget_type=\"text-editor.default\">\n\t\t\t\t<div class=\"elementor-widget-container\">\n\t\t\t\t\t\t\t\t\tNous sommes toujours \u00e0 la recherche de nouveaux collaborateurs.\nVeuillez nous envoyer votre candidature en remplissant toutes les donn\u00e9es n\u00e9cessaires,\nvous serez contact\u00e9 si votre profil correspond \u00e0 nos besoins et aux postes ouverts.\t\t\t\t\t\t\t\t<\/div>\n\t\t\t\t<\/div>\n\t\t\t\t\t<\/div>\n\t\t\t\t<\/div>\n\t\t<div class=\"elementor-element elementor-element-c50dfdd e-con-full e-flex e-con e-child\" data-id=\"c50dfdd\" data-element_type=\"container\" data-e-type=\"container\" data-settings=\"{&quot;background_background&quot;:&quot;classic&quot;}\">\n\t\t\t\t<div class=\"elementor-element elementor-element-6d9b754 elementor-widget elementor-widget-shortcode\" data-id=\"6d9b754\" data-element_type=\"widget\" data-e-type=\"widget\" data-widget_type=\"shortcode.default\">\n\t\t\t\t<div class=\"elementor-widget-container\">\n\t\t\t\t\t\t\t<div class=\"elementor-shortcode\">\n<div class=\"wpcf7 no-js\" id=\"wpcf7-f13286-o2\" lang=\"fr-FR\" dir=\"ltr\" data-wpcf7-id=\"13286\">\n<div class=\"screen-reader-response\"><p role=\"status\" aria-live=\"polite\" aria-atomic=\"true\"><\/p> <ul><\/ul><\/div>\n<form action=\"\/fr\/wp-json\/wp\/v2\/pages\/12633#wpcf7-f13286-o2\" method=\"post\" class=\"wpcf7-form init\" aria-label=\"Formulaire de contact\" enctype=\"multipart\/form-data\" novalidate=\"novalidate\" data-status=\"init\">\n<fieldset class=\"hidden-fields-container\"><input type=\"hidden\" name=\"_wpcf7\" value=\"13286\" \/><input type=\"hidden\" name=\"_wpcf7_version\" value=\"6.1.5\" \/><input type=\"hidden\" name=\"_wpcf7_locale\" value=\"fr_FR\" \/><input type=\"hidden\" name=\"_wpcf7_unit_tag\" value=\"wpcf7-f13286-o2\" \/><input type=\"hidden\" name=\"_wpcf7_container_post\" value=\"0\" \/><input type=\"hidden\" name=\"_wpcf7_posted_data_hash\" value=\"\" \/><input type=\"hidden\" name=\"_wpcf7_recaptcha_response\" value=\"\" \/>\n<\/fieldset>\n<div class=\"modulo-contatto-job-sx\">\n\t<p><span class=\"col-sx-contatto-job\"><span class=\"wpcf7-form-control-wrap\" data-name=\"nome\"><input size=\"40\" maxlength=\"400\" class=\"wpcf7-form-control wpcf7-text wpcf7-validates-as-required\" aria-required=\"true\" aria-invalid=\"false\" placeholder=\"PR\u00c9NOM*\" value=\"\" type=\"text\" name=\"nome\" \/><\/span><\/span><span class=\"col-sx-contatto-job\"><span class=\"wpcf7-form-control-wrap\" data-name=\"your-email\"><input size=\"40\" maxlength=\"400\" class=\"wpcf7-form-control wpcf7-email wpcf7-validates-as-required wpcf7-text wpcf7-validates-as-email\" aria-required=\"true\" aria-invalid=\"false\" placeholder=\"E-MAIL*\" value=\"\" type=\"email\" name=\"your-email\" \/><\/span><\/span><br \/>\n<span class=\"col-sx-contatto-job\"><span class=\"wpcf7-form-control-wrap\" data-name=\"menu-mansione\"><select class=\"wpcf7-form-control wpcf7-select wpcf7-validates-as-required\" aria-required=\"true\" aria-invalid=\"false\" name=\"menu-mansione\"><option value=\"\">&#8212;Veuillez choisir une option&#8212;<\/option><option value=\"COMMERCIAL\">COMMERCIAL<\/option><option value=\"ADMINISTRATION\">ADMINISTRATION<\/option><option value=\"IT\">IT<\/option><option value=\"BUREAU TECHNIQUE\">BUREAU TECHNIQUE<\/option><option value=\"PRODUCTION\">PRODUCTION<\/option><\/select><\/span><\/span><br \/>\n<span class=\"col-sx-contatto-job\"><span class=\"wpcf7-form-control-wrap\" data-name=\"oggetto\"><input size=\"40\" maxlength=\"400\" class=\"wpcf7-form-control wpcf7-text wpcf7-validates-as-required\" aria-required=\"true\" aria-invalid=\"false\" placeholder=\"OBJET*\" value=\"\" type=\"text\" name=\"oggetto\" \/><\/span><\/span><span class=\"col-msg-sx\"> <label><span class=\"wpcf7-form-control-wrap\" data-name=\"Messaggio\"><textarea cols=\"40\" rows=\"10\" maxlength=\"2000\" class=\"wpcf7-form-control wpcf7-textarea\" aria-invalid=\"false\" placeholder=\"MESSAGE\" name=\"Messaggio\"><\/textarea><\/span><\/label><\/span>\n\t<\/p>\n<\/div>\n<div class=\"modulo-contatto-job-dx\">\n\t<h4>T\u00c9L\u00c9CHARGER VOTRE CV\n\t<\/h4>\n\t<p><span class=\"wpcf7-form-control-wrap\" data-name=\"file-654\"><input size=\"40\" class=\"wpcf7-form-control wpcf7-file wpcf7-validates-as-required\" accept=\".pdf\" aria-required=\"true\" aria-invalid=\"false\" type=\"file\" name=\"file-654\" \/><\/span>\n\t<\/p>\n\t<p class=\"privacy\"><span class=\"wpcf7-form-control-wrap\" data-name=\"accetto\"><span class=\"wpcf7-form-control wpcf7-checkbox wpcf7-validates-as-required\"><span class=\"wpcf7-list-item first last\"><input type=\"checkbox\" name=\"accetto[]\" value=\"J&#039;ai lu et accept\u00e9 le\" \/><span class=\"wpcf7-list-item-label\">J&#039;ai lu et accept\u00e9 le<\/span><\/span><\/span><\/span><a href=\"https:\/\/www.generalfilter.com\/wp-content\/uploads\/2024\/06\/informativa_job_FR.pdf\" target=\"_blank\"> Politique de confidentialit\u00e9*<\/a> Je donne mon consentement au traitement des donn\u00e9es personnelles pour la s\u00e9lection du personnel pour l'\u00e9tablissement d'une relation de travail.\n\t<\/p>\n\t<p><input class=\"wpcf7-form-control wpcf7-submit has-spinner\" type=\"submit\" value=\"SOUMETTRE\" \/>\n\t<\/p>\n<\/div><p style=\"display: none !important;\" class=\"akismet-fields-container\" data-prefix=\"_wpcf7_ak_\"><label>&#916;<textarea name=\"_wpcf7_ak_hp_textarea\" cols=\"45\" rows=\"8\" maxlength=\"100\"><\/textarea><\/label><input type=\"hidden\" id=\"ak_js_2\" name=\"_wpcf7_ak_js\" value=\"2\"\/><script>document.getElementById( \"ak_js_2\" ).setAttribute( \"value\", ( new Date() ).getTime() );<\/script><\/p><div class=\"wpcf7-response-output\" aria-hidden=\"true\"><\/div>\n<\/form>\n<\/div>\n<\/div>\n\t\t\t\t\t\t<\/div>\n\t\t\t\t<\/div>\n\t\t\t\t<\/div>\n\t\t\t\t\t<\/div>\n\t\t\t\t<\/div>\n\t\t\t\t<\/div>\n\t\t","protected":false},"excerpt":{"rendered":"<p>Travaillez avec nous Envoyez votre candidature Nous sommes toujours \u00e0 la recherche de nouveaux collaborateurs. Veuillez nous envoyer votre candidature en remplissant toutes les donn\u00e9es n\u00e9cessaires, vous serez contact\u00e9 si votre profil correspond \u00e0 nos besoins et aux postes ouverts. Envoyez-nous votre candidature Nous sommes toujours \u00e0 la recherche de nouveaux collaborateurs. Veuillez nous envoyer &#8230; <a title=\"Emploi\" class=\"read-more\" href=\"https:\/\/www.generalfilter.com\/fr\/emploi\/\" aria-label=\"En savoir plus sur Emploi\">Lire la suite<\/a><\/p>\n","protected":false},"author":3,"featured_media":0,"parent":0,"menu_order":0,"comment_status":"closed","ping_status":"closed","template":"elementor_header_footer","meta":{"_acf_changed":false,"footnotes":""},"class_list":["post-12633","page","type-page","status-publish"],"acf":[],"yoast_head":"<!-- This site is optimized with the Yoast SEO plugin v26.9 - https:\/\/yoast.com\/product\/yoast-seo-wordpress\/ -->\n<title>Emploi - General Filter<\/title>\n<meta name=\"robots\" content=\"index, follow, max-snippet:-1, max-image-preview:large, max-video-preview:-1\" \/>\n<link rel=\"canonical\" href=\"https:\/\/www.generalfilter.com\/fr\/emploi\/\" \/>\n<meta property=\"og:locale\" content=\"fr_FR\" \/>\n<meta property=\"og:type\" content=\"article\" \/>\n<meta property=\"og:title\" content=\"Emploi - General Filter\" \/>\n<meta property=\"og:description\" content=\"Travaillez avec nous Envoyez votre candidature Nous sommes toujours \u00e0 la recherche de nouveaux collaborateurs. Veuillez nous envoyer votre candidature en remplissant toutes les donn\u00e9es n\u00e9cessaires, vous serez contact\u00e9 si votre profil correspond \u00e0 nos besoins et aux postes ouverts. Envoyez-nous votre candidature Nous sommes toujours \u00e0 la recherche de nouveaux collaborateurs. Veuillez nous envoyer ... Lire la suite\" \/>\n<meta property=\"og:url\" content=\"https:\/\/www.generalfilter.com\/fr\/emploi\/\" \/>\n<meta property=\"og:site_name\" content=\"General Filter\" \/>\n<meta property=\"article:modified_time\" content=\"2024-04-29T09:31:11+00:00\" \/>\n<meta name=\"twitter:card\" content=\"summary_large_image\" \/>\n<script type=\"application\/ld+json\" class=\"yoast-schema-graph\">{\"@context\":\"https:\/\/schema.org\",\"@graph\":[{\"@type\":\"WebPage\",\"@id\":\"https:\/\/www.generalfilter.com\/fr\/emploi\/\",\"url\":\"https:\/\/www.generalfilter.com\/fr\/emploi\/\",\"name\":\"Emploi - General Filter\",\"isPartOf\":{\"@id\":\"https:\/\/www.generalfilter.com\/#website\"},\"datePublished\":\"2024-01-30T15:51:51+00:00\",\"dateModified\":\"2024-04-29T09:31:11+00:00\",\"breadcrumb\":{\"@id\":\"https:\/\/www.generalfilter.com\/fr\/emploi\/#breadcrumb\"},\"inLanguage\":\"fr-FR\",\"potentialAction\":[{\"@type\":\"ReadAction\",\"target\":[\"https:\/\/www.generalfilter.com\/fr\/emploi\/\"]}]},{\"@type\":\"BreadcrumbList\",\"@id\":\"https:\/\/www.generalfilter.com\/fr\/emploi\/#breadcrumb\",\"itemListElement\":[{\"@type\":\"ListItem\",\"position\":1,\"name\":\"Home\",\"item\":\"https:\/\/www.generalfilter.com\/fr\/\"},{\"@type\":\"ListItem\",\"position\":2,\"name\":\"Emploi\"}]},{\"@type\":\"WebSite\",\"@id\":\"https:\/\/www.generalfilter.com\/#website\",\"url\":\"https:\/\/www.generalfilter.com\/\",\"name\":\"General Filter\",\"description\":\"\",\"publisher\":{\"@id\":\"https:\/\/www.generalfilter.com\/#organization\"},\"potentialAction\":[{\"@type\":\"SearchAction\",\"target\":{\"@type\":\"EntryPoint\",\"urlTemplate\":\"https:\/\/www.generalfilter.com\/?s={search_term_string}\"},\"query-input\":{\"@type\":\"PropertyValueSpecification\",\"valueRequired\":true,\"valueName\":\"search_term_string\"}}],\"inLanguage\":\"fr-FR\"},{\"@type\":\"Organization\",\"@id\":\"https:\/\/www.generalfilter.com\/#organization\",\"name\":\"General Filter\",\"url\":\"https:\/\/www.generalfilter.com\/\",\"logo\":{\"@type\":\"ImageObject\",\"inLanguage\":\"fr-FR\",\"@id\":\"https:\/\/www.generalfilter.com\/#\/schema\/logo\/image\/\",\"url\":\"https:\/\/www.generalfilter.com\/wp-content\/uploads\/2024\/01\/logo-general-filter-1.png\",\"contentUrl\":\"https:\/\/www.generalfilter.com\/wp-content\/uploads\/2024\/01\/logo-general-filter-1.png\",\"width\":1000,\"height\":221,\"caption\":\"General Filter\"},\"image\":{\"@id\":\"https:\/\/www.generalfilter.com\/#\/schema\/logo\/image\/\"}}]}<\/script>\n<!-- \/ Yoast SEO plugin. -->","yoast_head_json":{"title":"Emploi - General Filter","robots":{"index":"index","follow":"follow","max-snippet":"max-snippet:-1","max-image-preview":"max-image-preview:large","max-video-preview":"max-video-preview:-1"},"canonical":"https:\/\/www.generalfilter.com\/fr\/emploi\/","og_locale":"fr_FR","og_type":"article","og_title":"Emploi - General Filter","og_description":"Travaillez avec nous Envoyez votre candidature Nous sommes toujours \u00e0 la recherche de nouveaux collaborateurs. Veuillez nous envoyer votre candidature en remplissant toutes les donn\u00e9es n\u00e9cessaires, vous serez contact\u00e9 si votre profil correspond \u00e0 nos besoins et aux postes ouverts. Envoyez-nous votre candidature Nous sommes toujours \u00e0 la recherche de nouveaux collaborateurs. Veuillez nous envoyer ... Lire la suite","og_url":"https:\/\/www.generalfilter.com\/fr\/emploi\/","og_site_name":"General Filter","article_modified_time":"2024-04-29T09:31:11+00:00","twitter_card":"summary_large_image","schema":{"@context":"https:\/\/schema.org","@graph":[{"@type":"WebPage","@id":"https:\/\/www.generalfilter.com\/fr\/emploi\/","url":"https:\/\/www.generalfilter.com\/fr\/emploi\/","name":"Emploi - General Filter","isPartOf":{"@id":"https:\/\/www.generalfilter.com\/#website"},"datePublished":"2024-01-30T15:51:51+00:00","dateModified":"2024-04-29T09:31:11+00:00","breadcrumb":{"@id":"https:\/\/www.generalfilter.com\/fr\/emploi\/#breadcrumb"},"inLanguage":"fr-FR","potentialAction":[{"@type":"ReadAction","target":["https:\/\/www.generalfilter.com\/fr\/emploi\/"]}]},{"@type":"BreadcrumbList","@id":"https:\/\/www.generalfilter.com\/fr\/emploi\/#breadcrumb","itemListElement":[{"@type":"ListItem","position":1,"name":"Home","item":"https:\/\/www.generalfilter.com\/fr\/"},{"@type":"ListItem","position":2,"name":"Emploi"}]},{"@type":"WebSite","@id":"https:\/\/www.generalfilter.com\/#website","url":"https:\/\/www.generalfilter.com\/","name":"General Filter","description":"","publisher":{"@id":"https:\/\/www.generalfilter.com\/#organization"},"potentialAction":[{"@type":"SearchAction","target":{"@type":"EntryPoint","urlTemplate":"https:\/\/www.generalfilter.com\/?s={search_term_string}"},"query-input":{"@type":"PropertyValueSpecification","valueRequired":true,"valueName":"search_term_string"}}],"inLanguage":"fr-FR"},{"@type":"Organization","@id":"https:\/\/www.generalfilter.com\/#organization","name":"General Filter","url":"https:\/\/www.generalfilter.com\/","logo":{"@type":"ImageObject","inLanguage":"fr-FR","@id":"https:\/\/www.generalfilter.com\/#\/schema\/logo\/image\/","url":"https:\/\/www.generalfilter.com\/wp-content\/uploads\/2024\/01\/logo-general-filter-1.png","contentUrl":"https:\/\/www.generalfilter.com\/wp-content\/uploads\/2024\/01\/logo-general-filter-1.png","width":1000,"height":221,"caption":"General Filter"},"image":{"@id":"https:\/\/www.generalfilter.com\/#\/schema\/logo\/image\/"}}]}},"_links":{"self":[{"href":"https:\/\/www.generalfilter.com\/fr\/wp-json\/wp\/v2\/pages\/12633","targetHints":{"allow":["GET"]}}],"collection":[{"href":"https:\/\/www.generalfilter.com\/fr\/wp-json\/wp\/v2\/pages"}],"about":[{"href":"https:\/\/www.generalfilter.com\/fr\/wp-json\/wp\/v2\/types\/page"}],"author":[{"embeddable":true,"href":"https:\/\/www.generalfilter.com\/fr\/wp-json\/wp\/v2\/users\/3"}],"replies":[{"embeddable":true,"href":"https:\/\/www.generalfilter.com\/fr\/wp-json\/wp\/v2\/comments?post=12633"}],"version-history":[{"count":1,"href":"https:\/\/www.generalfilter.com\/fr\/wp-json\/wp\/v2\/pages\/12633\/revisions"}],"predecessor-version":[{"id":12634,"href":"https:\/\/www.generalfilter.com\/fr\/wp-json\/wp\/v2\/pages\/12633\/revisions\/12634"}],"wp:attachment":[{"href":"https:\/\/www.generalfilter.com\/fr\/wp-json\/wp\/v2\/media?parent=12633"}],"curies":[{"name":"wp","href":"https:\/\/api.w.org\/{rel}","templated":true}]}}