{"id":12582,"date":"2024-03-05T11:26:11","date_gmt":"2024-03-05T11:26:11","guid":{"rendered":"https:\/\/www.generalfilter.com\/contacts-visite-virtuelle\/"},"modified":"2024-04-29T08:43:06","modified_gmt":"2024-04-29T08:43:06","slug":"contacts-visite-virtuelle","status":"publish","type":"page","link":"https:\/\/www.generalfilter.com\/fr\/contacts-visite-virtuelle\/","title":{"rendered":"Contacts visite virtuelle"},"content":{"rendered":"\t\t<div data-elementor-type=\"wp-page\" data-elementor-id=\"12582\" class=\"elementor elementor-12582 elementor-6455\" data-elementor-post-type=\"page\">\n\t\t\t\t<div class=\"elementor-element elementor-element-991ff52 e-flex e-con-boxed e-con e-parent\" data-id=\"991ff52\" data-element_type=\"container\" data-e-type=\"container\">\n\t\t\t\t\t<div class=\"e-con-inner\">\n\t\t\t\t<div class=\"elementor-element elementor-element-fc68dae azzurro-titoli elementor-widget elementor-widget-heading\" data-id=\"fc68dae\" data-element_type=\"widget\" data-e-type=\"widget\" data-widget_type=\"heading.default\">\n\t\t\t\t<div class=\"elementor-widget-container\">\n\t\t\t\t\t<h1 class=\"elementor-heading-title elementor-size-default\">Visite virtuelle<\/h1>\t\t\t\t<\/div>\n\t\t\t\t<\/div>\n\t\t\t\t\t<\/div>\n\t\t\t\t<\/div>\n\t\t<div class=\"elementor-element elementor-element-f3e7ef5 e-flex e-con-boxed e-con e-parent\" data-id=\"f3e7ef5\" data-element_type=\"container\" data-e-type=\"container\">\n\t\t\t\t\t<div class=\"e-con-inner\">\n\t\t<div class=\"elementor-element elementor-element-67711c3 e-con-full e-flex e-con e-child\" data-id=\"67711c3\" data-element_type=\"container\" data-e-type=\"container\" data-settings=\"{&quot;background_background&quot;:&quot;classic&quot;}\">\n\t\t<div class=\"elementor-element elementor-element-00435e1 e-flex e-con-boxed e-con e-child\" data-id=\"00435e1\" data-element_type=\"container\" data-e-type=\"container\">\n\t\t\t\t\t<div class=\"e-con-inner\">\n\t\t\t\t<div class=\"elementor-element elementor-element-dac8344 bianco elementor-widget elementor-widget-heading\" data-id=\"dac8344\" data-element_type=\"widget\" data-e-type=\"widget\" data-widget_type=\"heading.default\">\n\t\t\t\t<div class=\"elementor-widget-container\">\n\t\t\t\t\t<h3 class=\"elementor-heading-title elementor-size-default\">ENTREZ DANS LA VISITE VIRTUELLE ET D\u00c9COUVREZ GENERAL FILTER<\/h3>\t\t\t\t<\/div>\n\t\t\t\t<\/div>\n\t\t\t\t<div class=\"elementor-element elementor-element-4e35084 elementor-widget elementor-widget-text-editor\" data-id=\"4e35084\" data-element_type=\"widget\" data-e-type=\"widget\" data-widget_type=\"text-editor.default\">\n\t\t\t\t<div class=\"elementor-widget-container\">\n\t\t\t\t\t\t\t\t\t<p>Remplissez le formulaire pour acc\u00e9der \u00e0 notre Visite Virtuelle, qui vous fera d\u00e9couvrir en d\u00e9tail notre entreprise, notre production et nos produits.<\/p>\n\t\t\t\t\t\t\t\t<\/div>\n\t\t\t\t<\/div>\n\t\t\t\t\t<\/div>\n\t\t\t\t<\/div>\n\t\t\t\t<div class=\"elementor-element elementor-element-c5ab0ca elementor-widget elementor-widget-shortcode\" data-id=\"c5ab0ca\" data-element_type=\"widget\" data-e-type=\"widget\" data-widget_type=\"shortcode.default\">\n\t\t\t\t<div class=\"elementor-widget-container\">\n\t\t\t\t\t\t\t<div class=\"elementor-shortcode\">\n<div class=\"wpcf7 no-js\" id=\"wpcf7-f13288-o1\" lang=\"fr-FR\" dir=\"ltr\" data-wpcf7-id=\"13288\">\n<div class=\"screen-reader-response\"><p role=\"status\" aria-live=\"polite\" aria-atomic=\"true\"><\/p> <ul><\/ul><\/div>\n<form action=\"\/fr\/wp-json\/wp\/v2\/pages\/12582#wpcf7-f13288-o1\" method=\"post\" class=\"wpcf7-form init\" aria-label=\"Formulaire de contact\" novalidate=\"novalidate\" data-status=\"init\">\n<fieldset class=\"hidden-fields-container\"><input type=\"hidden\" name=\"_wpcf7\" value=\"13288\" \/><input type=\"hidden\" name=\"_wpcf7_version\" value=\"6.1.5\" \/><input type=\"hidden\" name=\"_wpcf7_locale\" value=\"fr_FR\" \/><input type=\"hidden\" name=\"_wpcf7_unit_tag\" value=\"wpcf7-f13288-o1\" \/><input type=\"hidden\" name=\"_wpcf7_container_post\" value=\"0\" \/><input type=\"hidden\" name=\"_wpcf7_posted_data_hash\" value=\"\" \/><input type=\"hidden\" name=\"_wpcf7_recaptcha_response\" value=\"\" \/>\n<\/fieldset>\n<div class=\"modulo-contatto-virtual-tour\">\n\t<p><span class=\"col-sx-contatto\"><span class=\"wpcf7-form-control-wrap\" data-name=\"nome\"><input size=\"40\" maxlength=\"400\" class=\"wpcf7-form-control wpcf7-text wpcf7-validates-as-required\" aria-required=\"true\" aria-invalid=\"false\" placeholder=\"PR\u00c9NOM*\" value=\"\" type=\"text\" name=\"nome\" \/><\/span><\/span><span class=\"col-dx-contatto\"><span class=\"wpcf7-form-control-wrap\" data-name=\"azienda\"><input size=\"40\" maxlength=\"400\" class=\"wpcf7-form-control wpcf7-text wpcf7-validates-as-required\" aria-required=\"true\" aria-invalid=\"false\" placeholder=\"AGENCE*\" value=\"\" type=\"text\" name=\"azienda\" \/><\/span><\/span><br \/>\n<span class=\"col-sx-contatto\"><span class=\"wpcf7-form-control-wrap\" data-name=\"your-email\"><input size=\"40\" maxlength=\"400\" class=\"wpcf7-form-control wpcf7-email wpcf7-validates-as-required wpcf7-text wpcf7-validates-as-email\" aria-required=\"true\" aria-invalid=\"false\" placeholder=\"E-MAIL*\" value=\"\" type=\"email\" name=\"your-email\" \/><\/span><\/span><span class=\"col-dx-contatto\"><span class=\"wpcf7-form-control-wrap\" data-name=\"telefono\"><input size=\"40\" maxlength=\"400\" class=\"wpcf7-form-control wpcf7-tel wpcf7-validates-as-required wpcf7-text wpcf7-validates-as-tel\" aria-required=\"true\" aria-invalid=\"false\" placeholder=\"T\u00c9L\u00c9PHONE*\" value=\"\" type=\"tel\" name=\"telefono\" \/><\/span><\/span><br \/>\n<span class=\"col-msg-testo\"> <label><span class=\"wpcf7-form-control-wrap\" data-name=\"Messaggio\"><textarea cols=\"40\" rows=\"10\" maxlength=\"2000\" class=\"wpcf7-form-control wpcf7-textarea\" aria-invalid=\"false\" placeholder=\"MESSAGE\" name=\"Messaggio\"><\/textarea><\/span><\/label><br \/>\n<\/span>\n\t<\/p>\n\t<p class=\"privacy\"><span class=\"wpcf7-form-control-wrap\" data-name=\"accetto\"><span class=\"wpcf7-form-control wpcf7-checkbox wpcf7-validates-as-required\"><span class=\"wpcf7-list-item first last\"><input type=\"checkbox\" name=\"accetto[]\" value=\"J&#039;ai lu et accept\u00e9 le\" \/><span class=\"wpcf7-list-item-label\">J&#039;ai lu et accept\u00e9 le<\/span><\/span><\/span><\/span><a href=\"https:\/\/www.generalfilter.com\/wp-content\/uploads\/2024\/06\/informativa_info_FR.pdf\" target=\"_blank\"> de la politique de confidentialit\u00e9.*<\/a> et je donne mon consentement au traitement des donn\u00e9es personnelles pour obtenir l'acc\u00e8s \u00e0 la Visite Virtuelle, pour des activit\u00e9s promotionnelles li\u00e9es \u00e9galement \u00e0 l'envoi de mat\u00e9riel publicitaire et promotionnel.\n\t<\/p>\n\t<p><input class=\"wpcf7-form-control wpcf7-submit has-spinner\" type=\"submit\" value=\"SOUMETTRE\" \/>\n\t<\/p>\n<\/div><p style=\"display: none !important;\" class=\"akismet-fields-container\" data-prefix=\"_wpcf7_ak_\"><label>&#916;<textarea name=\"_wpcf7_ak_hp_textarea\" cols=\"45\" rows=\"8\" maxlength=\"100\"><\/textarea><\/label><input type=\"hidden\" id=\"ak_js_1\" name=\"_wpcf7_ak_js\" value=\"68\"\/><script>document.getElementById( \"ak_js_1\" ).setAttribute( \"value\", ( new Date() ).getTime() );<\/script><\/p><div class=\"wpcf7-response-output\" aria-hidden=\"true\"><\/div>\n<\/form>\n<\/div>\n<\/div>\n\t\t\t\t\t\t<\/div>\n\t\t\t\t<\/div>\n\t\t\t\t<\/div>\n\t\t\t\t\t<\/div>\n\t\t\t\t<\/div>\n\t\t\t\t<\/div>\n\t\t","protected":false},"excerpt":{"rendered":"<p>Visite virtuelle ENTREZ DANS LA VISITE VIRTUELLE ET D\u00c9COUVREZ GENERAL FILTER Remplissez le formulaire pour acc\u00e9der \u00e0 notre Visite Virtuelle, qui vous fera d\u00e9couvrir en d\u00e9tail notre entreprise, notre production et nos produits.<\/p>\n","protected":false},"author":3,"featured_media":0,"parent":0,"menu_order":0,"comment_status":"closed","ping_status":"closed","template":"elementor_header_footer","meta":{"_acf_changed":false,"footnotes":""},"class_list":["post-12582","page","type-page","status-publish"],"acf":[],"yoast_head":"<!-- This site is optimized with the Yoast SEO plugin v26.9 - https:\/\/yoast.com\/product\/yoast-seo-wordpress\/ -->\n<title>Contacts visite virtuelle - General Filter<\/title>\n<meta name=\"robots\" content=\"index, follow, max-snippet:-1, max-image-preview:large, max-video-preview:-1\" \/>\n<link rel=\"canonical\" href=\"https:\/\/www.generalfilter.com\/fr\/contacts-visite-virtuelle\/\" \/>\n<meta property=\"og:locale\" content=\"fr_FR\" \/>\n<meta property=\"og:type\" content=\"article\" \/>\n<meta property=\"og:title\" content=\"Contacts visite virtuelle - General Filter\" \/>\n<meta property=\"og:description\" content=\"Visite virtuelle ENTREZ DANS LA VISITE VIRTUELLE ET D\u00c9COUVREZ GENERAL FILTER Remplissez le formulaire pour acc\u00e9der \u00e0 notre Visite Virtuelle, qui vous fera d\u00e9couvrir en d\u00e9tail notre entreprise, notre production et nos produits.\" \/>\n<meta property=\"og:url\" content=\"https:\/\/www.generalfilter.com\/fr\/contacts-visite-virtuelle\/\" \/>\n<meta property=\"og:site_name\" content=\"General Filter\" \/>\n<meta property=\"article:modified_time\" content=\"2024-04-29T08:43:06+00:00\" \/>\n<meta name=\"twitter:card\" content=\"summary_large_image\" \/>\n<script type=\"application\/ld+json\" class=\"yoast-schema-graph\">{\"@context\":\"https:\/\/schema.org\",\"@graph\":[{\"@type\":\"WebPage\",\"@id\":\"https:\/\/www.generalfilter.com\/fr\/contacts-visite-virtuelle\/\",\"url\":\"https:\/\/www.generalfilter.com\/fr\/contacts-visite-virtuelle\/\",\"name\":\"Contacts visite virtuelle - General Filter\",\"isPartOf\":{\"@id\":\"https:\/\/www.generalfilter.com\/#website\"},\"datePublished\":\"2024-03-05T11:26:11+00:00\",\"dateModified\":\"2024-04-29T08:43:06+00:00\",\"breadcrumb\":{\"@id\":\"https:\/\/www.generalfilter.com\/fr\/contacts-visite-virtuelle\/#breadcrumb\"},\"inLanguage\":\"fr-FR\",\"potentialAction\":[{\"@type\":\"ReadAction\",\"target\":[\"https:\/\/www.generalfilter.com\/fr\/contacts-visite-virtuelle\/\"]}]},{\"@type\":\"BreadcrumbList\",\"@id\":\"https:\/\/www.generalfilter.com\/fr\/contacts-visite-virtuelle\/#breadcrumb\",\"itemListElement\":[{\"@type\":\"ListItem\",\"position\":1,\"name\":\"Home\",\"item\":\"https:\/\/www.generalfilter.com\/fr\/\"},{\"@type\":\"ListItem\",\"position\":2,\"name\":\"Contacts visite virtuelle\"}]},{\"@type\":\"WebSite\",\"@id\":\"https:\/\/www.generalfilter.com\/#website\",\"url\":\"https:\/\/www.generalfilter.com\/\",\"name\":\"General Filter\",\"description\":\"\",\"publisher\":{\"@id\":\"https:\/\/www.generalfilter.com\/#organization\"},\"potentialAction\":[{\"@type\":\"SearchAction\",\"target\":{\"@type\":\"EntryPoint\",\"urlTemplate\":\"https:\/\/www.generalfilter.com\/?s={search_term_string}\"},\"query-input\":{\"@type\":\"PropertyValueSpecification\",\"valueRequired\":true,\"valueName\":\"search_term_string\"}}],\"inLanguage\":\"fr-FR\"},{\"@type\":\"Organization\",\"@id\":\"https:\/\/www.generalfilter.com\/#organization\",\"name\":\"General Filter\",\"url\":\"https:\/\/www.generalfilter.com\/\",\"logo\":{\"@type\":\"ImageObject\",\"inLanguage\":\"fr-FR\",\"@id\":\"https:\/\/www.generalfilter.com\/#\/schema\/logo\/image\/\",\"url\":\"https:\/\/www.generalfilter.com\/wp-content\/uploads\/2024\/01\/logo-general-filter-1.png\",\"contentUrl\":\"https:\/\/www.generalfilter.com\/wp-content\/uploads\/2024\/01\/logo-general-filter-1.png\",\"width\":1000,\"height\":221,\"caption\":\"General Filter\"},\"image\":{\"@id\":\"https:\/\/www.generalfilter.com\/#\/schema\/logo\/image\/\"}}]}<\/script>\n<!-- \/ Yoast SEO plugin. -->","yoast_head_json":{"title":"Contacts visite virtuelle - General Filter","robots":{"index":"index","follow":"follow","max-snippet":"max-snippet:-1","max-image-preview":"max-image-preview:large","max-video-preview":"max-video-preview:-1"},"canonical":"https:\/\/www.generalfilter.com\/fr\/contacts-visite-virtuelle\/","og_locale":"fr_FR","og_type":"article","og_title":"Contacts visite virtuelle - General Filter","og_description":"Visite virtuelle ENTREZ DANS LA VISITE VIRTUELLE ET D\u00c9COUVREZ GENERAL FILTER Remplissez le formulaire pour acc\u00e9der \u00e0 notre Visite Virtuelle, qui vous fera d\u00e9couvrir en d\u00e9tail notre entreprise, notre production et nos produits.","og_url":"https:\/\/www.generalfilter.com\/fr\/contacts-visite-virtuelle\/","og_site_name":"General Filter","article_modified_time":"2024-04-29T08:43:06+00:00","twitter_card":"summary_large_image","schema":{"@context":"https:\/\/schema.org","@graph":[{"@type":"WebPage","@id":"https:\/\/www.generalfilter.com\/fr\/contacts-visite-virtuelle\/","url":"https:\/\/www.generalfilter.com\/fr\/contacts-visite-virtuelle\/","name":"Contacts visite virtuelle - General Filter","isPartOf":{"@id":"https:\/\/www.generalfilter.com\/#website"},"datePublished":"2024-03-05T11:26:11+00:00","dateModified":"2024-04-29T08:43:06+00:00","breadcrumb":{"@id":"https:\/\/www.generalfilter.com\/fr\/contacts-visite-virtuelle\/#breadcrumb"},"inLanguage":"fr-FR","potentialAction":[{"@type":"ReadAction","target":["https:\/\/www.generalfilter.com\/fr\/contacts-visite-virtuelle\/"]}]},{"@type":"BreadcrumbList","@id":"https:\/\/www.generalfilter.com\/fr\/contacts-visite-virtuelle\/#breadcrumb","itemListElement":[{"@type":"ListItem","position":1,"name":"Home","item":"https:\/\/www.generalfilter.com\/fr\/"},{"@type":"ListItem","position":2,"name":"Contacts visite virtuelle"}]},{"@type":"WebSite","@id":"https:\/\/www.generalfilter.com\/#website","url":"https:\/\/www.generalfilter.com\/","name":"General Filter","description":"","publisher":{"@id":"https:\/\/www.generalfilter.com\/#organization"},"potentialAction":[{"@type":"SearchAction","target":{"@type":"EntryPoint","urlTemplate":"https:\/\/www.generalfilter.com\/?s={search_term_string}"},"query-input":{"@type":"PropertyValueSpecification","valueRequired":true,"valueName":"search_term_string"}}],"inLanguage":"fr-FR"},{"@type":"Organization","@id":"https:\/\/www.generalfilter.com\/#organization","name":"General Filter","url":"https:\/\/www.generalfilter.com\/","logo":{"@type":"ImageObject","inLanguage":"fr-FR","@id":"https:\/\/www.generalfilter.com\/#\/schema\/logo\/image\/","url":"https:\/\/www.generalfilter.com\/wp-content\/uploads\/2024\/01\/logo-general-filter-1.png","contentUrl":"https:\/\/www.generalfilter.com\/wp-content\/uploads\/2024\/01\/logo-general-filter-1.png","width":1000,"height":221,"caption":"General Filter"},"image":{"@id":"https:\/\/www.generalfilter.com\/#\/schema\/logo\/image\/"}}]}},"_links":{"self":[{"href":"https:\/\/www.generalfilter.com\/fr\/wp-json\/wp\/v2\/pages\/12582","targetHints":{"allow":["GET"]}}],"collection":[{"href":"https:\/\/www.generalfilter.com\/fr\/wp-json\/wp\/v2\/pages"}],"about":[{"href":"https:\/\/www.generalfilter.com\/fr\/wp-json\/wp\/v2\/types\/page"}],"author":[{"embeddable":true,"href":"https:\/\/www.generalfilter.com\/fr\/wp-json\/wp\/v2\/users\/3"}],"replies":[{"embeddable":true,"href":"https:\/\/www.generalfilter.com\/fr\/wp-json\/wp\/v2\/comments?post=12582"}],"version-history":[{"count":1,"href":"https:\/\/www.generalfilter.com\/fr\/wp-json\/wp\/v2\/pages\/12582\/revisions"}],"predecessor-version":[{"id":12583,"href":"https:\/\/www.generalfilter.com\/fr\/wp-json\/wp\/v2\/pages\/12582\/revisions\/12583"}],"wp:attachment":[{"href":"https:\/\/www.generalfilter.com\/fr\/wp-json\/wp\/v2\/media?parent=12582"}],"curies":[{"name":"wp","href":"https:\/\/api.w.org\/{rel}","templated":true}]}}