{"id":22882,"date":"2026-04-08T09:48:17","date_gmt":"2026-04-08T09:48:17","guid":{"rendered":"https:\/\/www.generalfilter.com\/privacy-policy\/"},"modified":"2026-04-08T09:59:50","modified_gmt":"2026-04-08T09:59:50","slug":"privacy-policy","status":"publish","type":"page","link":"https:\/\/www.generalfilter.com\/fi\/privacy-policy\/","title":{"rendered":"Privacy Policy"},"content":{"rendered":"\t\t<div data-elementor-type=\"wp-page\" data-elementor-id=\"22882\" class=\"elementor elementor-22882 elementor-22861\" data-elementor-post-type=\"page\">\n\t\t\t\t<div class=\"elementor-element elementor-element-aec8c10 e-flex e-con-boxed e-con e-parent\" data-id=\"aec8c10\" data-element_type=\"container\" data-e-type=\"container\">\n\t\t\t\t\t<div class=\"e-con-inner\">\n\t\t\t\t<div class=\"elementor-element elementor-element-5f530be elementor-widget elementor-widget-heading\" data-id=\"5f530be\" data-element_type=\"widget\" data-e-type=\"widget\" data-widget_type=\"heading.default\">\n\t\t\t\t<div class=\"elementor-widget-container\">\n\t\t\t\t\t<h1 class=\"elementor-heading-title elementor-size-default\">Privacy policy<\/h1>\t\t\t\t<\/div>\n\t\t\t\t<\/div>\n\t\t\t\t\t<\/div>\n\t\t\t\t<\/div>\n\t\t<div class=\"elementor-element elementor-element-3597afe e-flex e-con-boxed e-con e-parent\" data-id=\"3597afe\" data-element_type=\"container\" data-e-type=\"container\">\n\t\t\t\t\t<div class=\"e-con-inner\">\n\t\t\t\t<div class=\"elementor-element elementor-element-335d14f elementor-widget elementor-widget-text-editor\" data-id=\"335d14f\" data-element_type=\"widget\" data-e-type=\"widget\" data-widget_type=\"text-editor.default\">\n\t\t\t\t<div class=\"elementor-widget-container\">\n\t\t\t\t\t\t\t\t\t<p>Tietosuojaseloste henkil\u00f6tietojen k\u00e4sittelyst\u00e4 EU:n yleisen tietosuoja-asetuksen (2016\/679) artiklojen 13 ja 14 mukaisesti<\/p><p>Rekister\u00f6idyt: verkkosivuston www.generalfilter.com k\u00e4ytt\u00e4j\u00e4t.<\/p><p>GeneralFilter Italia Spa ilmoittaa henkil\u00f6tietojesi rekisterinpit\u00e4j\u00e4n\u00e4 EU:n asetuksen 2016\/679, j\u00e4ljemp\u00e4n\u00e4 \u201dGDPR\u201d, mukaisesti, ett\u00e4 kyseisess\u00e4 s\u00e4\u00e4ntelyss\u00e4 s\u00e4\u00e4det\u00e4\u00e4n rekister\u00f6ityjen suojasta henkil\u00f6tietojen k\u00e4sittelyss\u00e4 ja ett\u00e4 henkil\u00f6tietojesi k\u00e4sittely perustuu asianmukaisuuden, lainmukaisuuden, l\u00e4pin\u00e4kyvyyden sek\u00e4 yksityisyytesi ja oikeuksiesi suojan periaatteisiin.<\/p><p>Henkil\u00f6tietojasi k\u00e4sitell\u00e4\u00e4n edell\u00e4 mainitun lains\u00e4\u00e4d\u00e4nn\u00f6n s\u00e4\u00e4nn\u00f6sten sek\u00e4 siin\u00e4 s\u00e4\u00e4dettyjen salassapitovelvoitteiden mukaisesti.<\/p><p>K\u00e4sittelyn tarkoitus ja oikeusperuste: henkil\u00f6tietojasi k\u00e4ytet\u00e4\u00e4n erityisesti seuraaviin tarkoituksiin, jotka liittyv\u00e4t sopimusvelvoitteiden tai sopimusta edelt\u00e4vien toimenpiteiden t\u00e4ytt\u00e4miseen:<\/p><ul><li>sivuston toiminnan kannalta v\u00e4ltt\u00e4m\u00e4tt\u00f6mien ev\u00e4steiden hallinta (tekniset ev\u00e4steet ovat v\u00e4ltt\u00e4m\u00e4tt\u00f6mi\u00e4 sivuston asianmukaiselle toiminnalle, ja niit\u00e4 k\u00e4ytet\u00e4\u00e4n ainoastaan sivustoon liittyvien eri palvelujen, kuten esimerkiksi kirjautumisen, hallintaan);<\/li><li>sivuston teknisten tilastoev\u00e4steiden hallinta.<\/li><\/ul><p>Henkil\u00f6tietojasi voidaan lis\u00e4ksi suostumuksesi perusteella k\u00e4ytt\u00e4\u00e4 seuraaviin tarkoituksiin:<\/p><ul><li>portaalin ei-teknisten markkinointiev\u00e4steiden hallinta (markkinointiev\u00e4steit\u00e4 k\u00e4ytet\u00e4\u00e4n verkkosivustojen k\u00e4vij\u00f6iden seuraamiseen. Tavoitteena on n\u00e4ytt\u00e4\u00e4 yksitt\u00e4iselle k\u00e4ytt\u00e4j\u00e4lle olennaisia ja kiinnostavia mainoksia, jotka ovat siten arvokkaampia julkaisijoille ja kolmansille osapuolille, kuten mainostajille);<\/li><li>portaalin ei-teknisten tilastoev\u00e4steiden hallinta (tilastoev\u00e4steet auttavat verkkosivustojen omistajia ymm\u00e4rt\u00e4m\u00e4\u00e4n, miten k\u00e4vij\u00e4t ovat vuorovaikutuksessa sivustojen kanssa, ker\u00e4\u00e4m\u00e4ll\u00e4 ja raportoimalla tietoja anonyymiss\u00e4 muodossa).<\/li><\/ul><p>Tietojen antaminen on sinulle vapaaehtoista edell\u00e4 mainittujen tarkoitusten osalta, eik\u00e4 mahdollinen kielt\u00e4ytymisesi k\u00e4sittelyst\u00e4 vaaranna asiakassuhteen jatkumista tai k\u00e4sittelyn asianmukaisuutta.<\/p><ul><li>K\u00e4sittelytavat. Henkil\u00f6tietojasi voidaan k\u00e4sitell\u00e4 seuraavilla tavoilla: <\/li><li>s\u00e4hk\u00f6isten tietojenk\u00e4sittelyj\u00e4rjestelmien avulla k\u00e4ytt\u00e4en kolmansien osapuolten hallinnoimia ohjelmistoj\u00e4rjestelmi\u00e4;<\/li><\/ul><p>s\u00e4hk\u00f6isten tietojenk\u00e4sittelyj\u00e4rjestelmien avulla k\u00e4ytt\u00e4en suoraan hallinnoituja tai ohjelmoituja ohjelmistoj\u00e4rjestelmi\u00e4.<br><br>Kaikki k\u00e4sittely tapahtuu GDPR:n 6 ja 32 artiklan mukaisesti sek\u00e4 toteuttamalla asianmukaiset vaaditut turvatoimet.<\/p><ul><li>Tietojasi k\u00e4sittelee ainoastaan rekisterinpit\u00e4j\u00e4n nimenomaisesti valtuuttama henkil\u00f6st\u00f6 ja erityisesti seuraaviin valtuutettujen henkil\u00f6st\u00f6ryhmiin kuuluva henkil\u00f6st\u00f6: verkkosivuston hallinnasta vastaavat sis\u00e4iset ty\u00f6ntekij\u00e4t;<\/li><li>markkinointiosasto.<\/li><\/ul><p>Tietojen luovuttaminen: tietojasi voidaan luovuttaa ulkopuolisille tahoille asiakassuhteen asianmukaisen hallinnoinnin varmistamiseksi ja erityisesti seuraaville vastaanottajaryhmille, mukaan lukien kaikki asianmukaisesti nimetyt henkil\u00f6tietojen k\u00e4sittelij\u00e4t:<\/p><ul><li>verkkopalveluntarjoajat alustan hallintaa ja yll\u00e4pitoa varten.<\/li><\/ul><p>Tietojen luovuttaminen kolmansille osapuolille: tietojasi voidaan luovuttaa ulkopuolisille tahoille asiakassuhteen asianmukaisen hallinnoinnin varmistamiseksi ja erityisesti seuraaville vastaanottajaryhmille, jotka on m\u00e4\u00e4ritelty kolmansiksi osapuoliksi:<\/p><p>Google &#8211; https:\/\/business.safety.google\/privacy\/;<br>Google reCAPTCHA &#8211; https:\/\/business.safety.google\/privacy\/;<br>Leadfeeder &#8211; https:\/\/www.leadfeeder.com\/privacy\/;<br>Privacylab &#8211; https:\/\/www.privacylab.it\/informativa.php?i5109653314106&amp;lang=IT;<br>SourceBuster;<br>WPML;<br>YouTube &#8211; https:\/\/business.safety.google\/privacy\/;<br>youtube.com.<\/p><p>Tietojen julkaiseminen: henkil\u00f6tietojasi ei julkaista mill\u00e4\u00e4n tavoin.<\/p><p>Henkil\u00f6tietojasi voidaan lis\u00e4ksi siirt\u00e4\u00e4, edell\u00e4 kuvattuihin tarkoituksiin rajoittuen, seuraaviin valtioihin:<\/p><p>EU-maat.<\/p><p>S\u00e4ilytysaika. Ilmoitamme, ett\u00e4 GDPR:n 5 artiklassa s\u00e4\u00e4dettyjen lainmukaisuuden, k\u00e4ytt\u00f6tarkoituksen rajoittamisen ja tietojen minimoinnin periaatteiden mukaisesti henkil\u00f6tietojesi s\u00e4ilytysaika on:  <\/p><p>0,02 p\u00e4iv\u00e4\u00e4: SourceBuster;<br>180 p\u00e4iv\u00e4\u00e4: YouTube;<br>182 p\u00e4iv\u00e4\u00e4: Privacylab;<br>365 p\u00e4iv\u00e4\u00e4: Leadfeeder;<br>390 p\u00e4iv\u00e4\u00e4: DoubleClick \/ Google Marketing;<br>730 p\u00e4iv\u00e4\u00e4: Google Analytics;<br>90 p\u00e4iv\u00e4\u00e4: Google;<br>pysyv\u00e4sti: Google, YouTube;<br>istunnon ajan: SourceBuster, WPML, YouTube.<\/p><p>Ev\u00e4steiden hallinta: jos sinulla on ep\u00e4ilyksi\u00e4 tai huolenaiheita ev\u00e4steiden k\u00e4yt\u00f6st\u00e4, voit aina est\u00e4\u00e4 niiden asettamisen ja lukemisen esimerkiksi muuttamalla selaimesi tietosuoja-asetuksia tiettyjen ev\u00e4stetyyppien est\u00e4miseksi.<\/p><p>Koska jokainen selain \u2013 ja usein saman selaimen eri versiot \u2013 eroavat toisistaan huomattavasti, jos haluat toimia itsen\u00e4isesti selaimesi asetusten kautta, l\u00f6yd\u00e4t tarkat tiedot tarvittavasta menettelyst\u00e4 selaimesi ohjeista. Yleiskatsauksen yleisimpien selainten toimintatavoista l\u00f6yd\u00e4t osoitteesta www.cookiepedia.co.uk. <\/p><p>Mainosyhti\u00f6t antavat lis\u00e4ksi mahdollisuuden kielt\u00e4yty\u00e4 kohdennetusta mainonnasta, jos niin haluat. T\u00e4m\u00e4 ei est\u00e4 ev\u00e4steiden asettamista, mutta keskeytt\u00e4\u00e4 kyseisten yhti\u00f6iden suorittaman tiettyjen tietojen k\u00e4yt\u00f6n ja ker\u00e4\u00e4misen. <\/p><p>Lis\u00e4tietoja ja kielt\u00e4ytymismahdollisuuksia on osoitteessa www.youronlinechoices.eu\/.<\/p><p>Rekisterinpit\u00e4j\u00e4: lain mukaan henkil\u00f6tietojen rekisterinpit\u00e4j\u00e4 on GeneralFilter Italia Spa (Via Emilia 23, ZAI S. Gottardo, 31038 Paese (TV), ALV-numero 02138570268, yhteystiedot: s\u00e4hk\u00f6posti info@generalfilter.com<br>, puhelin 0422 4594), edustajanaan Giovanni Polin.<\/p><p>Sinulla on oikeus saada rekisterinpit\u00e4j\u00e4lt\u00e4 tietojesi poistaminen (oikeus tulla unohdetuksi), k\u00e4sittelyn rajoittaminen, tietojen p\u00e4ivitt\u00e4minen, oikaiseminen, siirrett\u00e4vyys sek\u00e4 oikeus vastustaa sinua koskevien henkil\u00f6tietojen k\u00e4sittely\u00e4. Yleisesti ottaen voit k\u00e4ytt\u00e4\u00e4 kaikkia GDPR:n artikloissa 15, 16, 17, 18, 19, 20, 21 ja 22 s\u00e4\u00e4dettyj\u00e4 oikeuksia.<\/p><p>Voit lis\u00e4ksi milloin tahansa tutustua t\u00e4m\u00e4n tietosuojaselosteen p\u00e4ivitettyyn versioon osoitteessa https:\/\/www.privacylab.it\/informativa.php?10166461671.<\/p><p>3. Rekister\u00f6idyll\u00e4 on oikeus saada:<\/p><p>1. tietojen p\u00e4ivitt\u00e4misen, oikaisemisen tai, jos siihen on aihetta, t\u00e4ydent\u00e4misen;<br>2. lainvastaisesti k\u00e4siteltyjen tietojen poistamisen, anonymisoinnin tai k\u00e4sittelyn rajoittamisen, mukaan lukien tiedot, joiden s\u00e4ilytt\u00e4minen ei ole tarpeen niiden tarkoitusten kannalta, joita varten tiedot on ker\u00e4tty tai my\u00f6hemmin k\u00e4sitelty;<br>3. vahvistuksen siit\u00e4, ett\u00e4 kohdissa a) ja b) tarkoitetut toimenpiteet on ilmoitettu my\u00f6s niiden sis\u00e4ll\u00f6n osalta niille, joille tiedot on luovutettu tai saatettu tiedoksi, paitsi jos t\u00e4m\u00e4 osoittautuu mahdottomaksi tai vaatii suojattuun oikeuteen n\u00e4hden ilmeisen suhteettomia keinoja;<br>4. tietojen siirrett\u00e4vyyden.  <\/p><p>4. Rekister\u00f6idyll\u00e4 on oikeus vastustaa k\u00e4sittely\u00e4 kokonaan tai osittain:<\/p><p>1. h\u00e4nt\u00e4 koskevien henkil\u00f6tietojen k\u00e4sittely\u00e4 oikeutetuista syist\u00e4, vaikka tiedot olisivat keruun tarkoituksen kannalta olennaisia;<br>2. h\u00e4nt\u00e4 koskevien henkil\u00f6tietojen k\u00e4sittely\u00e4 mainosmateriaalin l\u00e4hett\u00e4mist\u00e4, suoramyynti\u00e4, markkinatutkimusta tai kaupallista viestint\u00e4\u00e4 varten.<\/p>\t\t\t\t\t\t\t\t<\/div>\n\t\t\t\t<\/div>\n\t\t\t\t\t<\/div>\n\t\t\t\t<\/div>\n\t\t\t\t<\/div>\n\t\t","protected":false},"excerpt":{"rendered":"<p>Privacy policy Tietosuojaseloste henkil\u00f6tietojen k\u00e4sittelyst\u00e4 EU:n yleisen tietosuoja-asetuksen (2016\/679) artiklojen 13 ja 14 mukaisesti Rekister\u00f6idyt: verkkosivuston www.generalfilter.com k\u00e4ytt\u00e4j\u00e4t. GeneralFilter Italia Spa ilmoittaa henkil\u00f6tietojesi rekisterinpit\u00e4j\u00e4n\u00e4 EU:n asetuksen 2016\/679, j\u00e4ljemp\u00e4n\u00e4 \u201dGDPR\u201d, mukaisesti, ett\u00e4 kyseisess\u00e4 s\u00e4\u00e4ntelyss\u00e4 s\u00e4\u00e4det\u00e4\u00e4n rekister\u00f6ityjen suojasta henkil\u00f6tietojen k\u00e4sittelyss\u00e4 ja ett\u00e4 henkil\u00f6tietojesi k\u00e4sittely perustuu asianmukaisuuden, lainmukaisuuden, l\u00e4pin\u00e4kyvyyden sek\u00e4 yksityisyytesi ja oikeuksiesi suojan periaatteisiin. Henkil\u00f6tietojasi k\u00e4sitell\u00e4\u00e4n edell\u00e4 &#8230; <a title=\"Privacy Policy\" class=\"read-more\" href=\"https:\/\/www.generalfilter.com\/fi\/privacy-policy\/\" aria-label=\"Lue lis\u00e4\u00e4 aiheesta Privacy Policy\">Lue lis\u00e4\u00e4<\/a><\/p>\n","protected":false},"author":3,"featured_media":0,"parent":0,"menu_order":0,"comment_status":"closed","ping_status":"closed","template":"","meta":{"_acf_changed":false,"footnotes":""},"class_list":["post-22882","page","type-page","status-publish"],"acf":[],"yoast_head":"<!-- This site is optimized with the Yoast SEO plugin v26.9 - https:\/\/yoast.com\/product\/yoast-seo-wordpress\/ -->\n<title>Privacy Policy - General Filter<\/title>\n<meta name=\"robots\" content=\"index, follow, max-snippet:-1, max-image-preview:large, max-video-preview:-1\" \/>\n<link rel=\"canonical\" href=\"https:\/\/www.generalfilter.com\/fi\/privacy-policy\/\" \/>\n<meta property=\"og:locale\" content=\"fi_FI\" \/>\n<meta property=\"og:type\" content=\"article\" \/>\n<meta property=\"og:title\" content=\"Privacy Policy - General Filter\" \/>\n<meta property=\"og:description\" content=\"Privacy policy Tietosuojaseloste henkil\u00f6tietojen k\u00e4sittelyst\u00e4 EU:n yleisen tietosuoja-asetuksen (2016\/679) artiklojen 13 ja 14 mukaisesti Rekister\u00f6idyt: verkkosivuston www.generalfilter.com k\u00e4ytt\u00e4j\u00e4t. GeneralFilter Italia Spa ilmoittaa henkil\u00f6tietojesi rekisterinpit\u00e4j\u00e4n\u00e4 EU:n asetuksen 2016\/679, j\u00e4ljemp\u00e4n\u00e4 \u201dGDPR\u201d, mukaisesti, ett\u00e4 kyseisess\u00e4 s\u00e4\u00e4ntelyss\u00e4 s\u00e4\u00e4det\u00e4\u00e4n rekister\u00f6ityjen suojasta henkil\u00f6tietojen k\u00e4sittelyss\u00e4 ja ett\u00e4 henkil\u00f6tietojesi k\u00e4sittely perustuu asianmukaisuuden, lainmukaisuuden, l\u00e4pin\u00e4kyvyyden sek\u00e4 yksityisyytesi ja oikeuksiesi suojan periaatteisiin. Henkil\u00f6tietojasi k\u00e4sitell\u00e4\u00e4n edell\u00e4 ... Lue lis\u00e4\u00e4\" \/>\n<meta property=\"og:url\" content=\"https:\/\/www.generalfilter.com\/fi\/privacy-policy\/\" \/>\n<meta property=\"og:site_name\" content=\"General Filter\" \/>\n<meta property=\"article:modified_time\" content=\"2026-04-08T09:59:50+00:00\" \/>\n<meta name=\"twitter:card\" content=\"summary_large_image\" \/>\n<meta name=\"twitter:label1\" content=\"Arvioitu lukuaika\" \/>\n\t<meta name=\"twitter:data1\" content=\"4 minuuttia\" \/>\n<script type=\"application\/ld+json\" class=\"yoast-schema-graph\">{\"@context\":\"https:\/\/schema.org\",\"@graph\":[{\"@type\":\"WebPage\",\"@id\":\"https:\/\/www.generalfilter.com\/fi\/privacy-policy\/\",\"url\":\"https:\/\/www.generalfilter.com\/fi\/privacy-policy\/\",\"name\":\"Privacy Policy - General Filter\",\"isPartOf\":{\"@id\":\"https:\/\/www.generalfilter.com\/#website\"},\"datePublished\":\"2026-04-08T09:48:17+00:00\",\"dateModified\":\"2026-04-08T09:59:50+00:00\",\"breadcrumb\":{\"@id\":\"https:\/\/www.generalfilter.com\/fi\/privacy-policy\/#breadcrumb\"},\"inLanguage\":\"fi\",\"potentialAction\":[{\"@type\":\"ReadAction\",\"target\":[\"https:\/\/www.generalfilter.com\/fi\/privacy-policy\/\"]}]},{\"@type\":\"BreadcrumbList\",\"@id\":\"https:\/\/www.generalfilter.com\/fi\/privacy-policy\/#breadcrumb\",\"itemListElement\":[{\"@type\":\"ListItem\",\"position\":1,\"name\":\"Home\",\"item\":\"https:\/\/www.generalfilter.com\/\"},{\"@type\":\"ListItem\",\"position\":2,\"name\":\"Privacy Policy\"}]},{\"@type\":\"WebSite\",\"@id\":\"https:\/\/www.generalfilter.com\/#website\",\"url\":\"https:\/\/www.generalfilter.com\/\",\"name\":\"General Filter\",\"description\":\"\",\"publisher\":{\"@id\":\"https:\/\/www.generalfilter.com\/#organization\"},\"potentialAction\":[{\"@type\":\"SearchAction\",\"target\":{\"@type\":\"EntryPoint\",\"urlTemplate\":\"https:\/\/www.generalfilter.com\/?s={search_term_string}\"},\"query-input\":{\"@type\":\"PropertyValueSpecification\",\"valueRequired\":true,\"valueName\":\"search_term_string\"}}],\"inLanguage\":\"fi\"},{\"@type\":\"Organization\",\"@id\":\"https:\/\/www.generalfilter.com\/#organization\",\"name\":\"General Filter\",\"url\":\"https:\/\/www.generalfilter.com\/\",\"logo\":{\"@type\":\"ImageObject\",\"inLanguage\":\"fi\",\"@id\":\"https:\/\/www.generalfilter.com\/#\/schema\/logo\/image\/\",\"url\":\"https:\/\/www.generalfilter.com\/wp-content\/uploads\/2024\/01\/logo-general-filter-1.png\",\"contentUrl\":\"https:\/\/www.generalfilter.com\/wp-content\/uploads\/2024\/01\/logo-general-filter-1.png\",\"width\":1000,\"height\":221,\"caption\":\"General Filter\"},\"image\":{\"@id\":\"https:\/\/www.generalfilter.com\/#\/schema\/logo\/image\/\"}}]}<\/script>\n<!-- \/ Yoast SEO plugin. -->","yoast_head_json":{"title":"Privacy Policy - General Filter","robots":{"index":"index","follow":"follow","max-snippet":"max-snippet:-1","max-image-preview":"max-image-preview:large","max-video-preview":"max-video-preview:-1"},"canonical":"https:\/\/www.generalfilter.com\/fi\/privacy-policy\/","og_locale":"fi_FI","og_type":"article","og_title":"Privacy Policy - General Filter","og_description":"Privacy policy Tietosuojaseloste henkil\u00f6tietojen k\u00e4sittelyst\u00e4 EU:n yleisen tietosuoja-asetuksen (2016\/679) artiklojen 13 ja 14 mukaisesti Rekister\u00f6idyt: verkkosivuston www.generalfilter.com k\u00e4ytt\u00e4j\u00e4t. GeneralFilter Italia Spa ilmoittaa henkil\u00f6tietojesi rekisterinpit\u00e4j\u00e4n\u00e4 EU:n asetuksen 2016\/679, j\u00e4ljemp\u00e4n\u00e4 \u201dGDPR\u201d, mukaisesti, ett\u00e4 kyseisess\u00e4 s\u00e4\u00e4ntelyss\u00e4 s\u00e4\u00e4det\u00e4\u00e4n rekister\u00f6ityjen suojasta henkil\u00f6tietojen k\u00e4sittelyss\u00e4 ja ett\u00e4 henkil\u00f6tietojesi k\u00e4sittely perustuu asianmukaisuuden, lainmukaisuuden, l\u00e4pin\u00e4kyvyyden sek\u00e4 yksityisyytesi ja oikeuksiesi suojan periaatteisiin. Henkil\u00f6tietojasi k\u00e4sitell\u00e4\u00e4n edell\u00e4 ... Lue lis\u00e4\u00e4","og_url":"https:\/\/www.generalfilter.com\/fi\/privacy-policy\/","og_site_name":"General Filter","article_modified_time":"2026-04-08T09:59:50+00:00","twitter_card":"summary_large_image","twitter_misc":{"Arvioitu lukuaika":"4 minuuttia"},"schema":{"@context":"https:\/\/schema.org","@graph":[{"@type":"WebPage","@id":"https:\/\/www.generalfilter.com\/fi\/privacy-policy\/","url":"https:\/\/www.generalfilter.com\/fi\/privacy-policy\/","name":"Privacy Policy - General Filter","isPartOf":{"@id":"https:\/\/www.generalfilter.com\/#website"},"datePublished":"2026-04-08T09:48:17+00:00","dateModified":"2026-04-08T09:59:50+00:00","breadcrumb":{"@id":"https:\/\/www.generalfilter.com\/fi\/privacy-policy\/#breadcrumb"},"inLanguage":"fi","potentialAction":[{"@type":"ReadAction","target":["https:\/\/www.generalfilter.com\/fi\/privacy-policy\/"]}]},{"@type":"BreadcrumbList","@id":"https:\/\/www.generalfilter.com\/fi\/privacy-policy\/#breadcrumb","itemListElement":[{"@type":"ListItem","position":1,"name":"Home","item":"https:\/\/www.generalfilter.com\/"},{"@type":"ListItem","position":2,"name":"Privacy Policy"}]},{"@type":"WebSite","@id":"https:\/\/www.generalfilter.com\/#website","url":"https:\/\/www.generalfilter.com\/","name":"General Filter","description":"","publisher":{"@id":"https:\/\/www.generalfilter.com\/#organization"},"potentialAction":[{"@type":"SearchAction","target":{"@type":"EntryPoint","urlTemplate":"https:\/\/www.generalfilter.com\/?s={search_term_string}"},"query-input":{"@type":"PropertyValueSpecification","valueRequired":true,"valueName":"search_term_string"}}],"inLanguage":"fi"},{"@type":"Organization","@id":"https:\/\/www.generalfilter.com\/#organization","name":"General Filter","url":"https:\/\/www.generalfilter.com\/","logo":{"@type":"ImageObject","inLanguage":"fi","@id":"https:\/\/www.generalfilter.com\/#\/schema\/logo\/image\/","url":"https:\/\/www.generalfilter.com\/wp-content\/uploads\/2024\/01\/logo-general-filter-1.png","contentUrl":"https:\/\/www.generalfilter.com\/wp-content\/uploads\/2024\/01\/logo-general-filter-1.png","width":1000,"height":221,"caption":"General Filter"},"image":{"@id":"https:\/\/www.generalfilter.com\/#\/schema\/logo\/image\/"}}]}},"_links":{"self":[{"href":"https:\/\/www.generalfilter.com\/fi\/wp-json\/wp\/v2\/pages\/22882","targetHints":{"allow":["GET"]}}],"collection":[{"href":"https:\/\/www.generalfilter.com\/fi\/wp-json\/wp\/v2\/pages"}],"about":[{"href":"https:\/\/www.generalfilter.com\/fi\/wp-json\/wp\/v2\/types\/page"}],"author":[{"embeddable":true,"href":"https:\/\/www.generalfilter.com\/fi\/wp-json\/wp\/v2\/users\/3"}],"replies":[{"embeddable":true,"href":"https:\/\/www.generalfilter.com\/fi\/wp-json\/wp\/v2\/comments?post=22882"}],"version-history":[{"count":1,"href":"https:\/\/www.generalfilter.com\/fi\/wp-json\/wp\/v2\/pages\/22882\/revisions"}],"predecessor-version":[{"id":22883,"href":"https:\/\/www.generalfilter.com\/fi\/wp-json\/wp\/v2\/pages\/22882\/revisions\/22883"}],"wp:attachment":[{"href":"https:\/\/www.generalfilter.com\/fi\/wp-json\/wp\/v2\/media?parent=22882"}],"curies":[{"name":"wp","href":"https:\/\/api.w.org\/{rel}","templated":true}]}}