{"id":22665,"date":"2024-01-30T15:51:51","date_gmt":"2024-01-30T15:51:51","guid":{"rendered":"https:\/\/www.generalfilter.com\/tyopaikat\/"},"modified":"2026-04-01T15:43:00","modified_gmt":"2026-04-01T15:43:00","slug":"tyopaikat","status":"publish","type":"page","link":"https:\/\/www.generalfilter.com\/fi\/tyopaikat\/","title":{"rendered":"Ty\u00f6paikat"},"content":{"rendered":"\t\t<div data-elementor-type=\"wp-page\" data-elementor-id=\"22665\" class=\"elementor elementor-22665 elementor-583\" data-elementor-post-type=\"page\">\n\t\t\t\t<div class=\"elementor-element elementor-element-991ff52 e-flex e-con-boxed e-con e-parent\" data-id=\"991ff52\" data-element_type=\"container\" data-e-type=\"container\">\n\t\t\t\t\t<div class=\"e-con-inner\">\n\t\t\t\t<div class=\"elementor-element elementor-element-fc68dae azzurro-titoli elementor-widget elementor-widget-heading\" data-id=\"fc68dae\" data-element_type=\"widget\" data-e-type=\"widget\" data-widget_type=\"heading.default\">\n\t\t\t\t<div class=\"elementor-widget-container\">\n\t\t\t\t\t<h1 class=\"elementor-heading-title elementor-size-default\">Ty\u00f6skentele kanssamme<\/h1>\t\t\t\t<\/div>\n\t\t\t\t<\/div>\n\t\t\t\t\t<\/div>\n\t\t\t\t<\/div>\n\t\t<div class=\"elementor-element elementor-element-b41b9a7 elementor-hidden-tablet e-flex e-con-boxed e-con e-parent\" data-id=\"b41b9a7\" data-element_type=\"container\" data-e-type=\"container\">\n\t\t\t\t\t<div class=\"e-con-inner\">\n\t\t<div class=\"elementor-element elementor-element-fcd9311 e-con-full e-flex e-con e-child\" data-id=\"fcd9311\" data-element_type=\"container\" data-e-type=\"container\">\n\t\t\t\t<div class=\"elementor-element elementor-element-0b2a71c elementor-widget elementor-widget-heading\" data-id=\"0b2a71c\" data-element_type=\"widget\" data-e-type=\"widget\" data-widget_type=\"heading.default\">\n\t\t\t\t<div class=\"elementor-widget-container\">\n\t\t\t\t\t<h2 class=\"elementor-heading-title elementor-size-default\">L\u00e4het\u00e4<br>hakemuksesi<\/h2>\t\t\t\t<\/div>\n\t\t\t\t<\/div>\n\t\t\t\t<div class=\"elementor-element elementor-element-557cb32 elementor-widget elementor-widget-text-editor\" data-id=\"557cb32\" data-element_type=\"widget\" data-e-type=\"widget\" data-widget_type=\"text-editor.default\">\n\t\t\t\t<div class=\"elementor-widget-container\">\n\t\t\t\t\t\t\t\t\tEtsimme jatkuvasti uusia osaajia. L\u00e4het\u00e4 hakemuksesi ja anna kaikki tarvittavat tiedot. Mik\u00e4li her\u00e4t\u00e4t kiinnostuksemme ja avoimia paikkoja on tarjolla, tiimimme ottaa sinuun yhteytt\u00e4.\t\t\t\t\t\t\t\t<\/div>\n\t\t\t\t<\/div>\n\t\t\t\t<\/div>\n\t\t<div class=\"elementor-element elementor-element-db50e12 e-con-full e-flex e-con e-child\" data-id=\"db50e12\" data-element_type=\"container\" data-e-type=\"container\" data-settings=\"{&quot;background_background&quot;:&quot;classic&quot;}\">\n\t\t\t\t<div class=\"elementor-element elementor-element-ef0eafb elementor-widget elementor-widget-shortcode\" data-id=\"ef0eafb\" data-element_type=\"widget\" data-e-type=\"widget\" data-widget_type=\"shortcode.default\">\n\t\t\t\t<div class=\"elementor-widget-container\">\n\t\t\t\t\t\t\t<div class=\"elementor-shortcode\">\n<div class=\"wpcf7 no-js\" id=\"wpcf7-f22925-o1\" lang=\"fi\" dir=\"ltr\" data-wpcf7-id=\"22925\">\n<div class=\"screen-reader-response\"><p role=\"status\" aria-live=\"polite\" aria-atomic=\"true\"><\/p> <ul><\/ul><\/div>\n<form action=\"\/fi\/wp-json\/wp\/v2\/pages\/22665#wpcf7-f22925-o1\" method=\"post\" class=\"wpcf7-form init\" aria-label=\"Yhteydenottolomake\" enctype=\"multipart\/form-data\" novalidate=\"novalidate\" data-status=\"init\">\n<fieldset class=\"hidden-fields-container\"><input type=\"hidden\" name=\"_wpcf7\" value=\"22925\" \/><input type=\"hidden\" name=\"_wpcf7_version\" value=\"6.1.5\" \/><input type=\"hidden\" name=\"_wpcf7_locale\" value=\"fi\" \/><input type=\"hidden\" name=\"_wpcf7_unit_tag\" value=\"wpcf7-f22925-o1\" \/><input type=\"hidden\" name=\"_wpcf7_container_post\" value=\"0\" \/><input type=\"hidden\" name=\"_wpcf7_posted_data_hash\" value=\"\" \/><input type=\"hidden\" name=\"_wpcf7_recaptcha_response\" value=\"\" \/>\n<\/fieldset>\n<div class=\"modulo-contatto-job-sx\">\n\t<p><span class=\"col-sx-contatto-job\"><span class=\"wpcf7-form-control-wrap\" data-name=\"nome\"><input size=\"40\" maxlength=\"400\" class=\"wpcf7-form-control wpcf7-text wpcf7-validates-as-required\" aria-required=\"true\" aria-invalid=\"false\" placeholder=\"NIMI*\" value=\"\" type=\"text\" name=\"nome\" \/><\/span><\/span><span class=\"col-sx-contatto-job\"><span class=\"wpcf7-form-control-wrap\" data-name=\"your-email\"><input size=\"40\" maxlength=\"400\" class=\"wpcf7-form-control wpcf7-email wpcf7-validates-as-required wpcf7-text wpcf7-validates-as-email\" aria-required=\"true\" aria-invalid=\"false\" placeholder=\"S\u00c4HK\u00d6POSTI*\" value=\"\" type=\"email\" name=\"your-email\" \/><\/span><\/span><br \/>\n<span class=\"col-sx-contatto-job\"><span class=\"wpcf7-form-control-wrap\" data-name=\"menu-mansione\"><select class=\"wpcf7-form-control wpcf7-select wpcf7-validates-as-required\" aria-required=\"true\" aria-invalid=\"false\" name=\"menu-mansione\"><option value=\"\">&#8212;Valitse vaihtoehto&#8212;<\/option><option value=\"MYYNTI\">MYYNTI<\/option><option value=\"HALLINTO\">HALLINTO<\/option><option value=\"IT-TOIMISTO\">IT-TOIMISTO<\/option><option value=\"TEKNINEN TOIMISTO\">TEKNINEN TOIMISTO<\/option><option value=\"TUOTANTO\">TUOTANTO<\/option><\/select><\/span><\/span><br \/>\n<span class=\"col-sx-contatto-job\"><span class=\"wpcf7-form-control-wrap\" data-name=\"oggetto\"><input size=\"40\" maxlength=\"400\" class=\"wpcf7-form-control wpcf7-text wpcf7-validates-as-required\" aria-required=\"true\" aria-invalid=\"false\" placeholder=\"ESINE*\" value=\"\" type=\"text\" name=\"oggetto\" \/><\/span><br \/>\n<\/span><span class=\"col-msg-sx\"><label><span class=\"wpcf7-form-control-wrap\" data-name=\"Messaggio\"><textarea cols=\"40\" rows=\"10\" maxlength=\"2000\" class=\"wpcf7-form-control wpcf7-textarea\" aria-invalid=\"false\" placeholder=\"VIESTI\" name=\"Messaggio\"><\/textarea><\/span><\/label><\/span>\n\t<\/p>\n<\/div>\n<div class=\"modulo-contatto-job-dx\">\n\t<h4>LATAA CV:SI\n\t<\/h4>\n\t<p><span class=\"wpcf7-form-control-wrap\" data-name=\"file-654\"><input size=\"40\" class=\"wpcf7-form-control wpcf7-file wpcf7-validates-as-required\" accept=\".pdf\" aria-required=\"true\" aria-invalid=\"false\" type=\"file\" name=\"file-654\" \/><\/span>\n\t<\/p>\n\t<p class=\"privacy\"><span class=\"wpcf7-form-control-wrap\" data-name=\"accetto\"><span class=\"wpcf7-form-control wpcf7-checkbox wpcf7-validates-as-required\"><span class=\"wpcf7-list-item first last\"><input type=\"checkbox\" name=\"accetto[]\" value=\"Olen lukenut ja hyv\u00e4ksynyt\" \/><span class=\"wpcf7-list-item-label\">Olen lukenut ja hyv\u00e4ksynyt<\/span><\/span><\/span><\/span><a href=\"https:\/\/www.generalfilter.com\/fi\/privacy-policy\/\" target=\"_blank\">privacy policy*<\/a> ja annan suostumukseni henkil\u00f6tietojeni k\u00e4sittelyyn henkil\u00f6st\u00f6n valintaa varten ty\u00f6suhteen solmimista varten.\n\t<\/p>\n\t<p><input class=\"wpcf7-form-control wpcf7-submit has-spinner\" type=\"submit\" value=\"L\u00c4HET\u00c4\" \/>\n\t<\/p>\n<\/div><p style=\"display: none !important;\" class=\"akismet-fields-container\" data-prefix=\"_wpcf7_ak_\"><label>&#916;<textarea name=\"_wpcf7_ak_hp_textarea\" cols=\"45\" rows=\"8\" maxlength=\"100\"><\/textarea><\/label><input type=\"hidden\" id=\"ak_js_1\" name=\"_wpcf7_ak_js\" value=\"137\"\/><script>document.getElementById( \"ak_js_1\" ).setAttribute( \"value\", ( new Date() ).getTime() );<\/script><\/p><div class=\"wpcf7-response-output\" aria-hidden=\"true\"><\/div>\n<\/form>\n<\/div>\n<\/div>\n\t\t\t\t\t\t<\/div>\n\t\t\t\t<\/div>\n\t\t\t\t<\/div>\n\t\t\t\t\t<\/div>\n\t\t\t\t<\/div>\n\t\t<div class=\"elementor-element elementor-element-9e95f09 elementor-hidden-desktop elementor-hidden-mobile e-flex e-con-boxed e-con e-parent\" data-id=\"9e95f09\" data-element_type=\"container\" data-e-type=\"container\">\n\t\t\t\t\t<div class=\"e-con-inner\">\n\t\t<div class=\"elementor-element elementor-element-a86beea e-flex e-con-boxed e-con e-child\" data-id=\"a86beea\" data-element_type=\"container\" data-e-type=\"container\">\n\t\t\t\t\t<div class=\"e-con-inner\">\n\t\t\t\t<div class=\"elementor-element elementor-element-2610162 elementor-widget elementor-widget-heading\" data-id=\"2610162\" data-element_type=\"widget\" data-e-type=\"widget\" data-widget_type=\"heading.default\">\n\t\t\t\t<div class=\"elementor-widget-container\">\n\t\t\t\t\t<h2 class=\"elementor-heading-title elementor-size-default\">L\u00e4het\u00e4 hakemuksesi<\/h2>\t\t\t\t<\/div>\n\t\t\t\t<\/div>\n\t\t\t\t<div class=\"elementor-element elementor-element-0a945b0 elementor-widget elementor-widget-text-editor\" data-id=\"0a945b0\" data-element_type=\"widget\" data-e-type=\"widget\" data-widget_type=\"text-editor.default\">\n\t\t\t\t<div class=\"elementor-widget-container\">\n\t\t\t\t\t\t\t\t\tEtsimme jatkuvasti uusia osaajia. L\u00e4het\u00e4 hakemuksesi ja anna kaikki tarvittavat tiedot. Mik\u00e4li her\u00e4t\u00e4t kiinnostuksemme ja avoimia paikkoja on tarjolla, tiimimme ottaa sinuun yhteytt\u00e4.\t\t\t\t\t\t\t\t<\/div>\n\t\t\t\t<\/div>\n\t\t\t\t\t<\/div>\n\t\t\t\t<\/div>\n\t\t<div class=\"elementor-element elementor-element-c50dfdd e-con-full e-flex e-con e-child\" data-id=\"c50dfdd\" data-element_type=\"container\" data-e-type=\"container\" data-settings=\"{&quot;background_background&quot;:&quot;classic&quot;}\">\n\t\t\t\t<div class=\"elementor-element elementor-element-6d9b754 elementor-widget elementor-widget-shortcode\" data-id=\"6d9b754\" data-element_type=\"widget\" data-e-type=\"widget\" data-widget_type=\"shortcode.default\">\n\t\t\t\t<div class=\"elementor-widget-container\">\n\t\t\t\t\t\t\t<div class=\"elementor-shortcode\">\n<div class=\"wpcf7 no-js\" id=\"wpcf7-f22925-o2\" lang=\"fi\" dir=\"ltr\" data-wpcf7-id=\"22925\">\n<div class=\"screen-reader-response\"><p role=\"status\" aria-live=\"polite\" aria-atomic=\"true\"><\/p> <ul><\/ul><\/div>\n<form action=\"\/fi\/wp-json\/wp\/v2\/pages\/22665#wpcf7-f22925-o2\" method=\"post\" class=\"wpcf7-form init\" aria-label=\"Yhteydenottolomake\" enctype=\"multipart\/form-data\" novalidate=\"novalidate\" data-status=\"init\">\n<fieldset class=\"hidden-fields-container\"><input type=\"hidden\" name=\"_wpcf7\" value=\"22925\" \/><input type=\"hidden\" name=\"_wpcf7_version\" value=\"6.1.5\" \/><input type=\"hidden\" name=\"_wpcf7_locale\" value=\"fi\" \/><input type=\"hidden\" name=\"_wpcf7_unit_tag\" value=\"wpcf7-f22925-o2\" \/><input type=\"hidden\" name=\"_wpcf7_container_post\" value=\"0\" \/><input type=\"hidden\" name=\"_wpcf7_posted_data_hash\" value=\"\" \/><input type=\"hidden\" name=\"_wpcf7_recaptcha_response\" value=\"\" \/>\n<\/fieldset>\n<div class=\"modulo-contatto-job-sx\">\n\t<p><span class=\"col-sx-contatto-job\"><span class=\"wpcf7-form-control-wrap\" data-name=\"nome\"><input size=\"40\" maxlength=\"400\" class=\"wpcf7-form-control wpcf7-text wpcf7-validates-as-required\" aria-required=\"true\" aria-invalid=\"false\" placeholder=\"NIMI*\" value=\"\" type=\"text\" name=\"nome\" \/><\/span><\/span><span class=\"col-sx-contatto-job\"><span class=\"wpcf7-form-control-wrap\" data-name=\"your-email\"><input size=\"40\" maxlength=\"400\" class=\"wpcf7-form-control wpcf7-email wpcf7-validates-as-required wpcf7-text wpcf7-validates-as-email\" aria-required=\"true\" aria-invalid=\"false\" placeholder=\"S\u00c4HK\u00d6POSTI*\" value=\"\" type=\"email\" name=\"your-email\" \/><\/span><\/span><br \/>\n<span class=\"col-sx-contatto-job\"><span class=\"wpcf7-form-control-wrap\" data-name=\"menu-mansione\"><select class=\"wpcf7-form-control wpcf7-select wpcf7-validates-as-required\" aria-required=\"true\" aria-invalid=\"false\" name=\"menu-mansione\"><option value=\"\">&#8212;Valitse vaihtoehto&#8212;<\/option><option value=\"MYYNTI\">MYYNTI<\/option><option value=\"HALLINTO\">HALLINTO<\/option><option value=\"IT-TOIMISTO\">IT-TOIMISTO<\/option><option value=\"TEKNINEN TOIMISTO\">TEKNINEN TOIMISTO<\/option><option value=\"TUOTANTO\">TUOTANTO<\/option><\/select><\/span><\/span><br \/>\n<span class=\"col-sx-contatto-job\"><span class=\"wpcf7-form-control-wrap\" data-name=\"oggetto\"><input size=\"40\" maxlength=\"400\" class=\"wpcf7-form-control wpcf7-text wpcf7-validates-as-required\" aria-required=\"true\" aria-invalid=\"false\" placeholder=\"ESINE*\" value=\"\" type=\"text\" name=\"oggetto\" \/><\/span><br \/>\n<\/span><span class=\"col-msg-sx\"><label><span class=\"wpcf7-form-control-wrap\" data-name=\"Messaggio\"><textarea cols=\"40\" rows=\"10\" maxlength=\"2000\" class=\"wpcf7-form-control wpcf7-textarea\" aria-invalid=\"false\" placeholder=\"VIESTI\" name=\"Messaggio\"><\/textarea><\/span><\/label><\/span>\n\t<\/p>\n<\/div>\n<div class=\"modulo-contatto-job-dx\">\n\t<h4>LATAA CV:SI\n\t<\/h4>\n\t<p><span class=\"wpcf7-form-control-wrap\" data-name=\"file-654\"><input size=\"40\" class=\"wpcf7-form-control wpcf7-file wpcf7-validates-as-required\" accept=\".pdf\" aria-required=\"true\" aria-invalid=\"false\" type=\"file\" name=\"file-654\" \/><\/span>\n\t<\/p>\n\t<p class=\"privacy\"><span class=\"wpcf7-form-control-wrap\" data-name=\"accetto\"><span class=\"wpcf7-form-control wpcf7-checkbox wpcf7-validates-as-required\"><span class=\"wpcf7-list-item first last\"><input type=\"checkbox\" name=\"accetto[]\" value=\"Olen lukenut ja hyv\u00e4ksynyt\" \/><span class=\"wpcf7-list-item-label\">Olen lukenut ja hyv\u00e4ksynyt<\/span><\/span><\/span><\/span><a href=\"https:\/\/www.generalfilter.com\/fi\/privacy-policy\/\" target=\"_blank\">privacy policy*<\/a> ja annan suostumukseni henkil\u00f6tietojeni k\u00e4sittelyyn henkil\u00f6st\u00f6n valintaa varten ty\u00f6suhteen solmimista varten.\n\t<\/p>\n\t<p><input class=\"wpcf7-form-control wpcf7-submit has-spinner\" type=\"submit\" value=\"L\u00c4HET\u00c4\" \/>\n\t<\/p>\n<\/div><p style=\"display: none !important;\" class=\"akismet-fields-container\" data-prefix=\"_wpcf7_ak_\"><label>&#916;<textarea name=\"_wpcf7_ak_hp_textarea\" cols=\"45\" rows=\"8\" maxlength=\"100\"><\/textarea><\/label><input type=\"hidden\" id=\"ak_js_2\" name=\"_wpcf7_ak_js\" value=\"18\"\/><script>document.getElementById( \"ak_js_2\" ).setAttribute( \"value\", ( new Date() ).getTime() );<\/script><\/p><div class=\"wpcf7-response-output\" aria-hidden=\"true\"><\/div>\n<\/form>\n<\/div>\n<\/div>\n\t\t\t\t\t\t<\/div>\n\t\t\t\t<\/div>\n\t\t\t\t<\/div>\n\t\t\t\t\t<\/div>\n\t\t\t\t<\/div>\n\t\t\t\t<\/div>\n\t\t","protected":false},"excerpt":{"rendered":"<p>Ty\u00f6skentele kanssamme L\u00e4het\u00e4hakemuksesi Etsimme jatkuvasti uusia osaajia. L\u00e4het\u00e4 hakemuksesi ja anna kaikki tarvittavat tiedot. Mik\u00e4li her\u00e4t\u00e4t kiinnostuksemme ja avoimia paikkoja on tarjolla, tiimimme ottaa sinuun yhteytt\u00e4. L\u00e4het\u00e4 hakemuksesi Etsimme jatkuvasti uusia osaajia. L\u00e4het\u00e4 hakemuksesi ja anna kaikki tarvittavat tiedot. Mik\u00e4li her\u00e4t\u00e4t kiinnostuksemme ja avoimia paikkoja on tarjolla, tiimimme ottaa sinuun yhteytt\u00e4.<\/p>\n","protected":false},"author":3,"featured_media":0,"parent":0,"menu_order":0,"comment_status":"closed","ping_status":"closed","template":"elementor_header_footer","meta":{"_acf_changed":false,"footnotes":""},"class_list":["post-22665","page","type-page","status-publish"],"acf":[],"yoast_head":"<!-- This site is optimized with the Yoast SEO plugin v26.9 - https:\/\/yoast.com\/product\/yoast-seo-wordpress\/ -->\n<title>Ty\u00f6paikat - General Filter<\/title>\n<meta name=\"robots\" content=\"index, follow, max-snippet:-1, max-image-preview:large, max-video-preview:-1\" \/>\n<link rel=\"canonical\" href=\"https:\/\/www.generalfilter.com\/fi\/tyopaikat\/\" \/>\n<meta property=\"og:locale\" content=\"fi_FI\" \/>\n<meta property=\"og:type\" content=\"article\" \/>\n<meta property=\"og:title\" content=\"Ty\u00f6paikat - General Filter\" \/>\n<meta property=\"og:description\" content=\"Ty\u00f6skentele kanssamme L\u00e4het\u00e4hakemuksesi Etsimme jatkuvasti uusia osaajia. L\u00e4het\u00e4 hakemuksesi ja anna kaikki tarvittavat tiedot. Mik\u00e4li her\u00e4t\u00e4t kiinnostuksemme ja avoimia paikkoja on tarjolla, tiimimme ottaa sinuun yhteytt\u00e4. L\u00e4het\u00e4 hakemuksesi Etsimme jatkuvasti uusia osaajia. L\u00e4het\u00e4 hakemuksesi ja anna kaikki tarvittavat tiedot. Mik\u00e4li her\u00e4t\u00e4t kiinnostuksemme ja avoimia paikkoja on tarjolla, tiimimme ottaa sinuun yhteytt\u00e4.\" \/>\n<meta property=\"og:url\" content=\"https:\/\/www.generalfilter.com\/fi\/tyopaikat\/\" \/>\n<meta property=\"og:site_name\" content=\"General Filter\" \/>\n<meta property=\"article:modified_time\" content=\"2026-04-01T15:43:00+00:00\" \/>\n<meta name=\"twitter:card\" content=\"summary_large_image\" \/>\n<script type=\"application\/ld+json\" class=\"yoast-schema-graph\">{\"@context\":\"https:\/\/schema.org\",\"@graph\":[{\"@type\":\"WebPage\",\"@id\":\"https:\/\/www.generalfilter.com\/fi\/tyopaikat\/\",\"url\":\"https:\/\/www.generalfilter.com\/fi\/tyopaikat\/\",\"name\":\"Ty\u00f6paikat - General Filter\",\"isPartOf\":{\"@id\":\"https:\/\/www.generalfilter.com\/#website\"},\"datePublished\":\"2024-01-30T15:51:51+00:00\",\"dateModified\":\"2026-04-01T15:43:00+00:00\",\"breadcrumb\":{\"@id\":\"https:\/\/www.generalfilter.com\/fi\/tyopaikat\/#breadcrumb\"},\"inLanguage\":\"fi\",\"potentialAction\":[{\"@type\":\"ReadAction\",\"target\":[\"https:\/\/www.generalfilter.com\/fi\/tyopaikat\/\"]}]},{\"@type\":\"BreadcrumbList\",\"@id\":\"https:\/\/www.generalfilter.com\/fi\/tyopaikat\/#breadcrumb\",\"itemListElement\":[{\"@type\":\"ListItem\",\"position\":1,\"name\":\"Home\",\"item\":\"https:\/\/www.generalfilter.com\/\"},{\"@type\":\"ListItem\",\"position\":2,\"name\":\"Ty\u00f6paikat\"}]},{\"@type\":\"WebSite\",\"@id\":\"https:\/\/www.generalfilter.com\/#website\",\"url\":\"https:\/\/www.generalfilter.com\/\",\"name\":\"General Filter\",\"description\":\"\",\"publisher\":{\"@id\":\"https:\/\/www.generalfilter.com\/#organization\"},\"potentialAction\":[{\"@type\":\"SearchAction\",\"target\":{\"@type\":\"EntryPoint\",\"urlTemplate\":\"https:\/\/www.generalfilter.com\/?s={search_term_string}\"},\"query-input\":{\"@type\":\"PropertyValueSpecification\",\"valueRequired\":true,\"valueName\":\"search_term_string\"}}],\"inLanguage\":\"fi\"},{\"@type\":\"Organization\",\"@id\":\"https:\/\/www.generalfilter.com\/#organization\",\"name\":\"General Filter\",\"url\":\"https:\/\/www.generalfilter.com\/\",\"logo\":{\"@type\":\"ImageObject\",\"inLanguage\":\"fi\",\"@id\":\"https:\/\/www.generalfilter.com\/#\/schema\/logo\/image\/\",\"url\":\"https:\/\/www.generalfilter.com\/wp-content\/uploads\/2024\/01\/logo-general-filter-1.png\",\"contentUrl\":\"https:\/\/www.generalfilter.com\/wp-content\/uploads\/2024\/01\/logo-general-filter-1.png\",\"width\":1000,\"height\":221,\"caption\":\"General Filter\"},\"image\":{\"@id\":\"https:\/\/www.generalfilter.com\/#\/schema\/logo\/image\/\"}}]}<\/script>\n<!-- \/ Yoast SEO plugin. -->","yoast_head_json":{"title":"Ty\u00f6paikat - General Filter","robots":{"index":"index","follow":"follow","max-snippet":"max-snippet:-1","max-image-preview":"max-image-preview:large","max-video-preview":"max-video-preview:-1"},"canonical":"https:\/\/www.generalfilter.com\/fi\/tyopaikat\/","og_locale":"fi_FI","og_type":"article","og_title":"Ty\u00f6paikat - General Filter","og_description":"Ty\u00f6skentele kanssamme L\u00e4het\u00e4hakemuksesi Etsimme jatkuvasti uusia osaajia. L\u00e4het\u00e4 hakemuksesi ja anna kaikki tarvittavat tiedot. Mik\u00e4li her\u00e4t\u00e4t kiinnostuksemme ja avoimia paikkoja on tarjolla, tiimimme ottaa sinuun yhteytt\u00e4. L\u00e4het\u00e4 hakemuksesi Etsimme jatkuvasti uusia osaajia. L\u00e4het\u00e4 hakemuksesi ja anna kaikki tarvittavat tiedot. Mik\u00e4li her\u00e4t\u00e4t kiinnostuksemme ja avoimia paikkoja on tarjolla, tiimimme ottaa sinuun yhteytt\u00e4.","og_url":"https:\/\/www.generalfilter.com\/fi\/tyopaikat\/","og_site_name":"General Filter","article_modified_time":"2026-04-01T15:43:00+00:00","twitter_card":"summary_large_image","schema":{"@context":"https:\/\/schema.org","@graph":[{"@type":"WebPage","@id":"https:\/\/www.generalfilter.com\/fi\/tyopaikat\/","url":"https:\/\/www.generalfilter.com\/fi\/tyopaikat\/","name":"Ty\u00f6paikat - General Filter","isPartOf":{"@id":"https:\/\/www.generalfilter.com\/#website"},"datePublished":"2024-01-30T15:51:51+00:00","dateModified":"2026-04-01T15:43:00+00:00","breadcrumb":{"@id":"https:\/\/www.generalfilter.com\/fi\/tyopaikat\/#breadcrumb"},"inLanguage":"fi","potentialAction":[{"@type":"ReadAction","target":["https:\/\/www.generalfilter.com\/fi\/tyopaikat\/"]}]},{"@type":"BreadcrumbList","@id":"https:\/\/www.generalfilter.com\/fi\/tyopaikat\/#breadcrumb","itemListElement":[{"@type":"ListItem","position":1,"name":"Home","item":"https:\/\/www.generalfilter.com\/"},{"@type":"ListItem","position":2,"name":"Ty\u00f6paikat"}]},{"@type":"WebSite","@id":"https:\/\/www.generalfilter.com\/#website","url":"https:\/\/www.generalfilter.com\/","name":"General Filter","description":"","publisher":{"@id":"https:\/\/www.generalfilter.com\/#organization"},"potentialAction":[{"@type":"SearchAction","target":{"@type":"EntryPoint","urlTemplate":"https:\/\/www.generalfilter.com\/?s={search_term_string}"},"query-input":{"@type":"PropertyValueSpecification","valueRequired":true,"valueName":"search_term_string"}}],"inLanguage":"fi"},{"@type":"Organization","@id":"https:\/\/www.generalfilter.com\/#organization","name":"General Filter","url":"https:\/\/www.generalfilter.com\/","logo":{"@type":"ImageObject","inLanguage":"fi","@id":"https:\/\/www.generalfilter.com\/#\/schema\/logo\/image\/","url":"https:\/\/www.generalfilter.com\/wp-content\/uploads\/2024\/01\/logo-general-filter-1.png","contentUrl":"https:\/\/www.generalfilter.com\/wp-content\/uploads\/2024\/01\/logo-general-filter-1.png","width":1000,"height":221,"caption":"General Filter"},"image":{"@id":"https:\/\/www.generalfilter.com\/#\/schema\/logo\/image\/"}}]}},"_links":{"self":[{"href":"https:\/\/www.generalfilter.com\/fi\/wp-json\/wp\/v2\/pages\/22665","targetHints":{"allow":["GET"]}}],"collection":[{"href":"https:\/\/www.generalfilter.com\/fi\/wp-json\/wp\/v2\/pages"}],"about":[{"href":"https:\/\/www.generalfilter.com\/fi\/wp-json\/wp\/v2\/types\/page"}],"author":[{"embeddable":true,"href":"https:\/\/www.generalfilter.com\/fi\/wp-json\/wp\/v2\/users\/3"}],"replies":[{"embeddable":true,"href":"https:\/\/www.generalfilter.com\/fi\/wp-json\/wp\/v2\/comments?post=22665"}],"version-history":[{"count":1,"href":"https:\/\/www.generalfilter.com\/fi\/wp-json\/wp\/v2\/pages\/22665\/revisions"}],"predecessor-version":[{"id":22666,"href":"https:\/\/www.generalfilter.com\/fi\/wp-json\/wp\/v2\/pages\/22665\/revisions\/22666"}],"wp:attachment":[{"href":"https:\/\/www.generalfilter.com\/fi\/wp-json\/wp\/v2\/media?parent=22665"}],"curies":[{"name":"wp","href":"https:\/\/api.w.org\/{rel}","templated":true}]}}