{"id":22584,"date":"2024-03-05T11:26:11","date_gmt":"2024-03-05T11:26:11","guid":{"rendered":"https:\/\/www.generalfilter.com\/virtuaalikierros\/"},"modified":"2026-04-01T13:52:38","modified_gmt":"2026-04-01T13:52:38","slug":"virtuaalikierros","status":"publish","type":"page","link":"https:\/\/www.generalfilter.com\/fi\/virtuaalikierros\/","title":{"rendered":"Virtuaalikierros"},"content":{"rendered":"\t\t<div data-elementor-type=\"wp-page\" data-elementor-id=\"22584\" class=\"elementor elementor-22584 elementor-6455\" data-elementor-post-type=\"page\">\n\t\t\t\t<div class=\"elementor-element elementor-element-991ff52 e-flex e-con-boxed e-con e-parent\" data-id=\"991ff52\" data-element_type=\"container\" data-e-type=\"container\">\n\t\t\t\t\t<div class=\"e-con-inner\">\n\t\t\t\t<div class=\"elementor-element elementor-element-fc68dae azzurro-titoli elementor-widget elementor-widget-heading\" data-id=\"fc68dae\" data-element_type=\"widget\" data-e-type=\"widget\" data-widget_type=\"heading.default\">\n\t\t\t\t<div class=\"elementor-widget-container\">\n\t\t\t\t\t<h1 class=\"elementor-heading-title elementor-size-default\">Virtuaalikierros<\/h1>\t\t\t\t<\/div>\n\t\t\t\t<\/div>\n\t\t\t\t\t<\/div>\n\t\t\t\t<\/div>\n\t\t<div class=\"elementor-element elementor-element-f3e7ef5 e-flex e-con-boxed e-con e-parent\" data-id=\"f3e7ef5\" data-element_type=\"container\" data-e-type=\"container\">\n\t\t\t\t\t<div class=\"e-con-inner\">\n\t\t<div class=\"elementor-element elementor-element-67711c3 e-con-full e-flex e-con e-child\" data-id=\"67711c3\" data-element_type=\"container\" data-e-type=\"container\" data-settings=\"{&quot;background_background&quot;:&quot;classic&quot;}\">\n\t\t<div class=\"elementor-element elementor-element-00435e1 e-flex e-con-boxed e-con e-child\" data-id=\"00435e1\" data-element_type=\"container\" data-e-type=\"container\">\n\t\t\t\t\t<div class=\"e-con-inner\">\n\t\t\t\t<div class=\"elementor-element elementor-element-dac8344 bianco elementor-widget elementor-widget-heading\" data-id=\"dac8344\" data-element_type=\"widget\" data-e-type=\"widget\" data-widget_type=\"heading.default\">\n\t\t\t\t<div class=\"elementor-widget-container\">\n\t\t\t\t\t<h3 class=\"elementor-heading-title elementor-size-default\">TULE VIRTUAALIKIERROKSELLE JA TUTUSTU GENERAL FILTER<\/h3>\t\t\t\t<\/div>\n\t\t\t\t<\/div>\n\t\t\t\t<div class=\"elementor-element elementor-element-4e35084 elementor-widget elementor-widget-text-editor\" data-id=\"4e35084\" data-element_type=\"widget\" data-e-type=\"widget\" data-widget_type=\"text-editor.default\">\n\t\t\t\t<div class=\"elementor-widget-container\">\n\t\t\t\t\t\t\t\t\t<p>T\u00e4yt\u00e4 lomake saadaksesi p\u00e4\u00e4syn virtuaalikierrokselle, joka antaa sinulle yksityiskohtaisen kuvan yrityksest\u00e4, sen tuotannosta ja tuotteista.<\/p>\t\t\t\t\t\t\t\t<\/div>\n\t\t\t\t<\/div>\n\t\t\t\t\t<\/div>\n\t\t\t\t<\/div>\n\t\t\t\t<div class=\"elementor-element elementor-element-c5ab0ca elementor-widget elementor-widget-shortcode\" data-id=\"c5ab0ca\" data-element_type=\"widget\" data-e-type=\"widget\" data-widget_type=\"shortcode.default\">\n\t\t\t\t<div class=\"elementor-widget-container\">\n\t\t\t\t\t\t\t<div class=\"elementor-shortcode\">\n<div class=\"wpcf7 no-js\" id=\"wpcf7-f22957-o1\" lang=\"fi\" dir=\"ltr\" data-wpcf7-id=\"22957\">\n<div class=\"screen-reader-response\"><p role=\"status\" aria-live=\"polite\" aria-atomic=\"true\"><\/p> <ul><\/ul><\/div>\n<form action=\"\/fi\/wp-json\/wp\/v2\/pages\/22584#wpcf7-f22957-o1\" method=\"post\" class=\"wpcf7-form init\" aria-label=\"Yhteydenottolomake\" novalidate=\"novalidate\" data-status=\"init\">\n<fieldset class=\"hidden-fields-container\"><input type=\"hidden\" name=\"_wpcf7\" value=\"22957\" \/><input type=\"hidden\" name=\"_wpcf7_version\" value=\"6.1.5\" \/><input type=\"hidden\" name=\"_wpcf7_locale\" value=\"fi\" \/><input type=\"hidden\" name=\"_wpcf7_unit_tag\" value=\"wpcf7-f22957-o1\" \/><input type=\"hidden\" name=\"_wpcf7_container_post\" value=\"0\" \/><input type=\"hidden\" name=\"_wpcf7_posted_data_hash\" value=\"\" \/><input type=\"hidden\" name=\"_wpcf7_recaptcha_response\" value=\"\" \/>\n<\/fieldset>\n<div class=\"modulo-contatto-virtual-tour\">\n\t<p><span class=\"col-sx-contatto\"><span class=\"wpcf7-form-control-wrap\" data-name=\"nome\"><input size=\"40\" maxlength=\"400\" class=\"wpcf7-form-control wpcf7-text wpcf7-validates-as-required\" aria-required=\"true\" aria-invalid=\"false\" placeholder=\"NIMI*\" value=\"\" type=\"text\" name=\"nome\" \/><\/span><\/span><span class=\"col-dx-contatto\"><span class=\"wpcf7-form-control-wrap\" data-name=\"azienda\"><input size=\"40\" maxlength=\"400\" class=\"wpcf7-form-control wpcf7-text wpcf7-validates-as-required\" aria-required=\"true\" aria-invalid=\"false\" placeholder=\"TOIMISTO*\" value=\"\" type=\"text\" name=\"azienda\" \/><\/span><\/span><br \/>\n<span class=\"col-sx-contatto\"><span class=\"wpcf7-form-control-wrap\" data-name=\"your-email\"><input size=\"40\" maxlength=\"400\" class=\"wpcf7-form-control wpcf7-email wpcf7-validates-as-required wpcf7-text wpcf7-validates-as-email\" aria-required=\"true\" aria-invalid=\"false\" placeholder=\"S\u00c4HK\u00d6POSTI*\" value=\"\" type=\"email\" name=\"your-email\" \/><\/span><\/span><span class=\"col-dx-contatto\"><span class=\"wpcf7-form-control-wrap\" data-name=\"telefono\"><input size=\"40\" maxlength=\"400\" class=\"wpcf7-form-control wpcf7-tel wpcf7-validates-as-required wpcf7-text wpcf7-validates-as-tel\" aria-required=\"true\" aria-invalid=\"false\" placeholder=\"PUHELIN*\" value=\"\" type=\"tel\" name=\"telefono\" \/><\/span><\/span><br \/>\n<span class=\"col-msg-testo\"> <label><span class=\"wpcf7-form-control-wrap\" data-name=\"Messaggio\"><textarea cols=\"40\" rows=\"10\" maxlength=\"2000\" class=\"wpcf7-form-control wpcf7-textarea\" aria-invalid=\"false\" placeholder=\"VIESTI\" name=\"Messaggio\"><\/textarea><\/span><\/label><br \/>\n<\/span>\n\t<\/p>\n\t<p class=\"privacy\"><span class=\"wpcf7-form-control-wrap\" data-name=\"accetto\"><span class=\"wpcf7-form-control wpcf7-checkbox wpcf7-validates-as-required\"><span class=\"wpcf7-list-item first last\"><input type=\"checkbox\" name=\"accetto[]\" value=\"Olen lukenut ja hyv\u00e4ksynyt&lt;br&gt;\" \/><span class=\"wpcf7-list-item-label\">Olen lukenut ja hyv\u00e4ksynyt&lt;br&gt;<\/span><\/span><\/span><\/span><a href=\"https:\/\/www.generalfilter.com\/fi\/privacy-policy\/\" target=\"_blank\"> privacy policy*<\/a> ja annan suostumukseni henkil\u00f6tietojeni k\u00e4sittelyyn henkil\u00f6st\u00f6n valintaa varten ty\u00f6suhteen solmimista varten.\n\t<\/p>\n\t<p><input class=\"wpcf7-form-control wpcf7-submit has-spinner\" type=\"submit\" value=\"L\u00c4HET\u00c4\" \/>\n\t<\/p>\n<\/div><p style=\"display: none !important;\" class=\"akismet-fields-container\" data-prefix=\"_wpcf7_ak_\"><label>&#916;<textarea name=\"_wpcf7_ak_hp_textarea\" cols=\"45\" rows=\"8\" maxlength=\"100\"><\/textarea><\/label><input type=\"hidden\" id=\"ak_js_1\" name=\"_wpcf7_ak_js\" value=\"138\"\/><script>document.getElementById( \"ak_js_1\" ).setAttribute( \"value\", ( new Date() ).getTime() );<\/script><\/p><div class=\"wpcf7-response-output\" aria-hidden=\"true\"><\/div>\n<\/form>\n<\/div>\n<\/div>\n\t\t\t\t\t\t<\/div>\n\t\t\t\t<\/div>\n\t\t\t\t<\/div>\n\t\t\t\t\t<\/div>\n\t\t\t\t<\/div>\n\t\t\t\t<\/div>\n\t\t","protected":false},"excerpt":{"rendered":"<p>Virtuaalikierros TULE VIRTUAALIKIERROKSELLE JA TUTUSTU GENERAL FILTER T\u00e4yt\u00e4 lomake saadaksesi p\u00e4\u00e4syn virtuaalikierrokselle, joka antaa sinulle yksityiskohtaisen kuvan yrityksest\u00e4, sen tuotannosta ja tuotteista.<\/p>\n","protected":false},"author":3,"featured_media":0,"parent":0,"menu_order":0,"comment_status":"closed","ping_status":"closed","template":"elementor_header_footer","meta":{"_acf_changed":false,"footnotes":""},"class_list":["post-22584","page","type-page","status-publish"],"acf":[],"yoast_head":"<!-- This site is optimized with the Yoast SEO plugin v26.9 - https:\/\/yoast.com\/product\/yoast-seo-wordpress\/ -->\n<title>Virtuaalikierros - General Filter<\/title>\n<meta name=\"robots\" content=\"index, follow, max-snippet:-1, max-image-preview:large, max-video-preview:-1\" \/>\n<link rel=\"canonical\" href=\"https:\/\/www.generalfilter.com\/fi\/virtuaalikierros\/\" \/>\n<meta property=\"og:locale\" content=\"fi_FI\" \/>\n<meta property=\"og:type\" content=\"article\" \/>\n<meta property=\"og:title\" content=\"Virtuaalikierros - General Filter\" \/>\n<meta property=\"og:description\" content=\"Virtuaalikierros TULE VIRTUAALIKIERROKSELLE JA TUTUSTU GENERAL FILTER T\u00e4yt\u00e4 lomake saadaksesi p\u00e4\u00e4syn virtuaalikierrokselle, joka antaa sinulle yksityiskohtaisen kuvan yrityksest\u00e4, sen tuotannosta ja tuotteista.\" \/>\n<meta property=\"og:url\" content=\"https:\/\/www.generalfilter.com\/fi\/virtuaalikierros\/\" \/>\n<meta property=\"og:site_name\" content=\"General Filter\" \/>\n<meta property=\"article:modified_time\" content=\"2026-04-01T13:52:38+00:00\" \/>\n<meta name=\"twitter:card\" content=\"summary_large_image\" \/>\n<script type=\"application\/ld+json\" class=\"yoast-schema-graph\">{\"@context\":\"https:\/\/schema.org\",\"@graph\":[{\"@type\":\"WebPage\",\"@id\":\"https:\/\/www.generalfilter.com\/fi\/virtuaalikierros\/\",\"url\":\"https:\/\/www.generalfilter.com\/fi\/virtuaalikierros\/\",\"name\":\"Virtuaalikierros - General Filter\",\"isPartOf\":{\"@id\":\"https:\/\/www.generalfilter.com\/#website\"},\"datePublished\":\"2024-03-05T11:26:11+00:00\",\"dateModified\":\"2026-04-01T13:52:38+00:00\",\"breadcrumb\":{\"@id\":\"https:\/\/www.generalfilter.com\/fi\/virtuaalikierros\/#breadcrumb\"},\"inLanguage\":\"fi\",\"potentialAction\":[{\"@type\":\"ReadAction\",\"target\":[\"https:\/\/www.generalfilter.com\/fi\/virtuaalikierros\/\"]}]},{\"@type\":\"BreadcrumbList\",\"@id\":\"https:\/\/www.generalfilter.com\/fi\/virtuaalikierros\/#breadcrumb\",\"itemListElement\":[{\"@type\":\"ListItem\",\"position\":1,\"name\":\"Home\",\"item\":\"https:\/\/www.generalfilter.com\/\"},{\"@type\":\"ListItem\",\"position\":2,\"name\":\"Virtuaalikierros\"}]},{\"@type\":\"WebSite\",\"@id\":\"https:\/\/www.generalfilter.com\/#website\",\"url\":\"https:\/\/www.generalfilter.com\/\",\"name\":\"General Filter\",\"description\":\"\",\"publisher\":{\"@id\":\"https:\/\/www.generalfilter.com\/#organization\"},\"potentialAction\":[{\"@type\":\"SearchAction\",\"target\":{\"@type\":\"EntryPoint\",\"urlTemplate\":\"https:\/\/www.generalfilter.com\/?s={search_term_string}\"},\"query-input\":{\"@type\":\"PropertyValueSpecification\",\"valueRequired\":true,\"valueName\":\"search_term_string\"}}],\"inLanguage\":\"fi\"},{\"@type\":\"Organization\",\"@id\":\"https:\/\/www.generalfilter.com\/#organization\",\"name\":\"General Filter\",\"url\":\"https:\/\/www.generalfilter.com\/\",\"logo\":{\"@type\":\"ImageObject\",\"inLanguage\":\"fi\",\"@id\":\"https:\/\/www.generalfilter.com\/#\/schema\/logo\/image\/\",\"url\":\"https:\/\/www.generalfilter.com\/wp-content\/uploads\/2024\/01\/logo-general-filter-1.png\",\"contentUrl\":\"https:\/\/www.generalfilter.com\/wp-content\/uploads\/2024\/01\/logo-general-filter-1.png\",\"width\":1000,\"height\":221,\"caption\":\"General Filter\"},\"image\":{\"@id\":\"https:\/\/www.generalfilter.com\/#\/schema\/logo\/image\/\"}}]}<\/script>\n<!-- \/ Yoast SEO plugin. -->","yoast_head_json":{"title":"Virtuaalikierros - General Filter","robots":{"index":"index","follow":"follow","max-snippet":"max-snippet:-1","max-image-preview":"max-image-preview:large","max-video-preview":"max-video-preview:-1"},"canonical":"https:\/\/www.generalfilter.com\/fi\/virtuaalikierros\/","og_locale":"fi_FI","og_type":"article","og_title":"Virtuaalikierros - General Filter","og_description":"Virtuaalikierros TULE VIRTUAALIKIERROKSELLE JA TUTUSTU GENERAL FILTER T\u00e4yt\u00e4 lomake saadaksesi p\u00e4\u00e4syn virtuaalikierrokselle, joka antaa sinulle yksityiskohtaisen kuvan yrityksest\u00e4, sen tuotannosta ja tuotteista.","og_url":"https:\/\/www.generalfilter.com\/fi\/virtuaalikierros\/","og_site_name":"General Filter","article_modified_time":"2026-04-01T13:52:38+00:00","twitter_card":"summary_large_image","schema":{"@context":"https:\/\/schema.org","@graph":[{"@type":"WebPage","@id":"https:\/\/www.generalfilter.com\/fi\/virtuaalikierros\/","url":"https:\/\/www.generalfilter.com\/fi\/virtuaalikierros\/","name":"Virtuaalikierros - General Filter","isPartOf":{"@id":"https:\/\/www.generalfilter.com\/#website"},"datePublished":"2024-03-05T11:26:11+00:00","dateModified":"2026-04-01T13:52:38+00:00","breadcrumb":{"@id":"https:\/\/www.generalfilter.com\/fi\/virtuaalikierros\/#breadcrumb"},"inLanguage":"fi","potentialAction":[{"@type":"ReadAction","target":["https:\/\/www.generalfilter.com\/fi\/virtuaalikierros\/"]}]},{"@type":"BreadcrumbList","@id":"https:\/\/www.generalfilter.com\/fi\/virtuaalikierros\/#breadcrumb","itemListElement":[{"@type":"ListItem","position":1,"name":"Home","item":"https:\/\/www.generalfilter.com\/"},{"@type":"ListItem","position":2,"name":"Virtuaalikierros"}]},{"@type":"WebSite","@id":"https:\/\/www.generalfilter.com\/#website","url":"https:\/\/www.generalfilter.com\/","name":"General Filter","description":"","publisher":{"@id":"https:\/\/www.generalfilter.com\/#organization"},"potentialAction":[{"@type":"SearchAction","target":{"@type":"EntryPoint","urlTemplate":"https:\/\/www.generalfilter.com\/?s={search_term_string}"},"query-input":{"@type":"PropertyValueSpecification","valueRequired":true,"valueName":"search_term_string"}}],"inLanguage":"fi"},{"@type":"Organization","@id":"https:\/\/www.generalfilter.com\/#organization","name":"General Filter","url":"https:\/\/www.generalfilter.com\/","logo":{"@type":"ImageObject","inLanguage":"fi","@id":"https:\/\/www.generalfilter.com\/#\/schema\/logo\/image\/","url":"https:\/\/www.generalfilter.com\/wp-content\/uploads\/2024\/01\/logo-general-filter-1.png","contentUrl":"https:\/\/www.generalfilter.com\/wp-content\/uploads\/2024\/01\/logo-general-filter-1.png","width":1000,"height":221,"caption":"General Filter"},"image":{"@id":"https:\/\/www.generalfilter.com\/#\/schema\/logo\/image\/"}}]}},"_links":{"self":[{"href":"https:\/\/www.generalfilter.com\/fi\/wp-json\/wp\/v2\/pages\/22584","targetHints":{"allow":["GET"]}}],"collection":[{"href":"https:\/\/www.generalfilter.com\/fi\/wp-json\/wp\/v2\/pages"}],"about":[{"href":"https:\/\/www.generalfilter.com\/fi\/wp-json\/wp\/v2\/types\/page"}],"author":[{"embeddable":true,"href":"https:\/\/www.generalfilter.com\/fi\/wp-json\/wp\/v2\/users\/3"}],"replies":[{"embeddable":true,"href":"https:\/\/www.generalfilter.com\/fi\/wp-json\/wp\/v2\/comments?post=22584"}],"version-history":[{"count":1,"href":"https:\/\/www.generalfilter.com\/fi\/wp-json\/wp\/v2\/pages\/22584\/revisions"}],"predecessor-version":[{"id":22585,"href":"https:\/\/www.generalfilter.com\/fi\/wp-json\/wp\/v2\/pages\/22584\/revisions\/22585"}],"wp:attachment":[{"href":"https:\/\/www.generalfilter.com\/fi\/wp-json\/wp\/v2\/media?parent=22584"}],"curies":[{"name":"wp","href":"https:\/\/api.w.org\/{rel}","templated":true}]}}