{"id":14039,"date":"2024-02-28T08:18:54","date_gmt":"2024-02-28T08:18:54","guid":{"rendered":"https:\/\/www.generalfilter.com\/prodotto\/fx20-fx30-fx40-2\/"},"modified":"2024-02-28T08:18:54","modified_gmt":"2024-02-28T08:18:54","slug":"fx20-fx30-fx40-2","status":"publish","type":"product","link":"https:\/\/www.generalfilter.com\/de\/prodotto\/fx20-fx30-fx40-2\/","title":{"rendered":"FX20-FX30-FX40"},"content":{"rendered":"<p>SELBSTTRAGENDE SYNTHETISCHE FILTERMEDIEN<br \/>\nEs handelt sich um selbsttragende Filtermedien, die mit dem patentierten FILTREX-System hergestellt werden, das es erm\u00f6glicht, mit vollst\u00e4ndig \u00f6kologischen Systemen ein Filtermedium mit einem starren Tr\u00e4ger zu verbinden. Die Septen dieser Serie sind mit einem robusten Metallgewebe gekoppelt, das es Ihnen erm\u00f6glicht, das Septum nach Ihren W\u00fcnschen zu formen, mit dem Ziel, jede Art von Filter mit mittlerem bis niedrigem Wirkungsgrad bauen zu k\u00f6nnen.<br \/>\nDaher werden drei verschiedene Wirkungsgrade verwendet, um jeden Bedarf zu decken.<\/p>\n<p>ANWENDUNGSBEREICHE:<\/p>\n<ul>\n<li>Vorfilter in Luftaufbereitungszentralen.<\/li>\n<li>Klimaanlagen und Fan Coils.<\/li>\n<\/ul>\n","protected":false},"excerpt":{"rendered":"<p>SELBSTTRAGENDE SYNTHETISCHE FILTERMEDIEN Es handelt sich um selbsttragende Filtermedien, die mit dem patentierten FILTREX-System hergestellt werden, das es erm\u00f6glicht, mit vollst\u00e4ndig \u00f6kologischen Systemen ein Filtermedium mit einem starren Tr\u00e4ger zu verbinden. Die Septen dieser Serie sind mit einem robusten Metallgewebe gekoppelt, das es Ihnen erm\u00f6glicht, das Septum nach Ihren W\u00fcnschen zu formen, mit dem Ziel, &#8230; <a title=\"FX20-FX30-FX40\" class=\"read-more\" href=\"https:\/\/www.generalfilter.com\/de\/prodotto\/fx20-fx30-fx40-2\/\" aria-label=\"Mehr Informationen \u00fcber FX20-FX30-FX40\">Weiterlesen<\/a><\/p>\n","protected":false},"featured_media":5417,"template":"","meta":{"_acf_changed":false},"product_brand":[],"product_cat":[179,189,190,194,169,170,177],"product_tag":[204,207],"class_list":{"0":"post-14039","1":"product","2":"type-product","3":"status-publish","4":"has-post-thumbnail","6":"product_cat-filtermatten","7":"product_cat-hlk","8":"product_cat-industrie","9":"product_cat-krankenhaus","10":"product_cat-lebensmittel-und-getraenke","11":"product_cat-pharmazie","12":"product_cat-vorfiltration","13":"product_tag-dichiarazione-per-alimentare-de","14":"product_tag-iso16890-de","16":"first","17":"instock","18":"shipping-taxable","19":"product-type-simple"},"acf":[],"yoast_head":"<!-- This site is optimized with the Yoast SEO plugin v26.9 - https:\/\/yoast.com\/product\/yoast-seo-wordpress\/ -->\n<title>FX20-FX30-FX40 - General Filter<\/title>\n<meta name=\"robots\" content=\"index, follow, max-snippet:-1, max-image-preview:large, max-video-preview:-1\" \/>\n<link rel=\"canonical\" href=\"https:\/\/www.generalfilter.com\/prodotto\/fx20-fx30-fx40-2\/\" \/>\n<meta property=\"og:locale\" content=\"de_DE\" \/>\n<meta property=\"og:type\" content=\"article\" \/>\n<meta property=\"og:title\" content=\"FX20-FX30-FX40 - General Filter\" \/>\n<meta property=\"og:description\" content=\"SELBSTTRAGENDE SYNTHETISCHE FILTERMEDIEN Es handelt sich um selbsttragende Filtermedien, die mit dem patentierten FILTREX-System hergestellt werden, das es erm\u00f6glicht, mit vollst\u00e4ndig \u00f6kologischen Systemen ein Filtermedium mit einem starren Tr\u00e4ger zu verbinden. Die Septen dieser Serie sind mit einem robusten Metallgewebe gekoppelt, das es Ihnen erm\u00f6glicht, das Septum nach Ihren W\u00fcnschen zu formen, mit dem Ziel, ... Weiterlesen\" \/>\n<meta property=\"og:url\" content=\"https:\/\/www.generalfilter.com\/prodotto\/fx20-fx30-fx40-2\/\" \/>\n<meta property=\"og:site_name\" content=\"General Filter\" \/>\n<meta name=\"twitter:card\" content=\"summary_large_image\" \/>\n<script type=\"application\/ld+json\" class=\"yoast-schema-graph\">{\"@context\":\"https:\/\/schema.org\",\"@graph\":[{\"@type\":\"WebPage\",\"@id\":\"https:\/\/www.generalfilter.com\/prodotto\/fx20-fx30-fx40-2\/\",\"url\":\"https:\/\/www.generalfilter.com\/prodotto\/fx20-fx30-fx40-2\/\",\"name\":\"FX20-FX30-FX40 - General Filter\",\"isPartOf\":{\"@id\":\"https:\/\/www.generalfilter.com\/#website\"},\"primaryImageOfPage\":{\"@id\":\"https:\/\/www.generalfilter.com\/prodotto\/fx20-fx30-fx40-2\/#primaryimage\"},\"image\":{\"@id\":\"https:\/\/www.generalfilter.com\/prodotto\/fx20-fx30-fx40-2\/#primaryimage\"},\"thumbnailUrl\":\"https:\/\/www.generalfilter.com\/wp-content\/uploads\/2024\/02\/Progetto-senza-titolo-16.png\",\"datePublished\":\"2024-02-28T08:18:54+00:00\",\"breadcrumb\":{\"@id\":\"https:\/\/www.generalfilter.com\/prodotto\/fx20-fx30-fx40-2\/#breadcrumb\"},\"inLanguage\":\"de\",\"potentialAction\":[{\"@type\":\"ReadAction\",\"target\":[\"https:\/\/www.generalfilter.com\/prodotto\/fx20-fx30-fx40-2\/\"]}]},{\"@type\":\"ImageObject\",\"inLanguage\":\"de\",\"@id\":\"https:\/\/www.generalfilter.com\/prodotto\/fx20-fx30-fx40-2\/#primaryimage\",\"url\":\"https:\/\/www.generalfilter.com\/wp-content\/uploads\/2024\/02\/Progetto-senza-titolo-16.png\",\"contentUrl\":\"https:\/\/www.generalfilter.com\/wp-content\/uploads\/2024\/02\/Progetto-senza-titolo-16.png\",\"width\":800,\"height\":800,\"caption\":\"FX20-FX30-FX40\"},{\"@type\":\"BreadcrumbList\",\"@id\":\"https:\/\/www.generalfilter.com\/prodotto\/fx20-fx30-fx40-2\/#breadcrumb\",\"itemListElement\":[{\"@type\":\"ListItem\",\"position\":1,\"name\":\"Home\",\"item\":\"https:\/\/www.generalfilter.com\/\"},{\"@type\":\"ListItem\",\"position\":2,\"name\":\"Shop\",\"item\":\"https:\/\/www.generalfilter.com\/de\/shop\/\"},{\"@type\":\"ListItem\",\"position\":3,\"name\":\"FX20-FX30-FX40\"}]},{\"@type\":\"WebSite\",\"@id\":\"https:\/\/www.generalfilter.com\/#website\",\"url\":\"https:\/\/www.generalfilter.com\/\",\"name\":\"General Filter\",\"description\":\"\",\"publisher\":{\"@id\":\"https:\/\/www.generalfilter.com\/#organization\"},\"potentialAction\":[{\"@type\":\"SearchAction\",\"target\":{\"@type\":\"EntryPoint\",\"urlTemplate\":\"https:\/\/www.generalfilter.com\/?s={search_term_string}\"},\"query-input\":{\"@type\":\"PropertyValueSpecification\",\"valueRequired\":true,\"valueName\":\"search_term_string\"}}],\"inLanguage\":\"de\"},{\"@type\":\"Organization\",\"@id\":\"https:\/\/www.generalfilter.com\/#organization\",\"name\":\"General Filter\",\"url\":\"https:\/\/www.generalfilter.com\/\",\"logo\":{\"@type\":\"ImageObject\",\"inLanguage\":\"de\",\"@id\":\"https:\/\/www.generalfilter.com\/#\/schema\/logo\/image\/\",\"url\":\"https:\/\/www.generalfilter.com\/wp-content\/uploads\/2024\/01\/logo-general-filter-1.png\",\"contentUrl\":\"https:\/\/www.generalfilter.com\/wp-content\/uploads\/2024\/01\/logo-general-filter-1.png\",\"width\":1000,\"height\":221,\"caption\":\"General Filter\"},\"image\":{\"@id\":\"https:\/\/www.generalfilter.com\/#\/schema\/logo\/image\/\"}}]}<\/script>\n<!-- \/ Yoast SEO plugin. -->","yoast_head_json":{"title":"FX20-FX30-FX40 - General Filter","robots":{"index":"index","follow":"follow","max-snippet":"max-snippet:-1","max-image-preview":"max-image-preview:large","max-video-preview":"max-video-preview:-1"},"canonical":"https:\/\/www.generalfilter.com\/prodotto\/fx20-fx30-fx40-2\/","og_locale":"de_DE","og_type":"article","og_title":"FX20-FX30-FX40 - General Filter","og_description":"SELBSTTRAGENDE SYNTHETISCHE FILTERMEDIEN Es handelt sich um selbsttragende Filtermedien, die mit dem patentierten FILTREX-System hergestellt werden, das es erm\u00f6glicht, mit vollst\u00e4ndig \u00f6kologischen Systemen ein Filtermedium mit einem starren Tr\u00e4ger zu verbinden. Die Septen dieser Serie sind mit einem robusten Metallgewebe gekoppelt, das es Ihnen erm\u00f6glicht, das Septum nach Ihren W\u00fcnschen zu formen, mit dem Ziel, ... Weiterlesen","og_url":"https:\/\/www.generalfilter.com\/prodotto\/fx20-fx30-fx40-2\/","og_site_name":"General Filter","twitter_card":"summary_large_image","schema":{"@context":"https:\/\/schema.org","@graph":[{"@type":"WebPage","@id":"https:\/\/www.generalfilter.com\/prodotto\/fx20-fx30-fx40-2\/","url":"https:\/\/www.generalfilter.com\/prodotto\/fx20-fx30-fx40-2\/","name":"FX20-FX30-FX40 - General Filter","isPartOf":{"@id":"https:\/\/www.generalfilter.com\/#website"},"primaryImageOfPage":{"@id":"https:\/\/www.generalfilter.com\/prodotto\/fx20-fx30-fx40-2\/#primaryimage"},"image":{"@id":"https:\/\/www.generalfilter.com\/prodotto\/fx20-fx30-fx40-2\/#primaryimage"},"thumbnailUrl":"https:\/\/www.generalfilter.com\/wp-content\/uploads\/2024\/02\/Progetto-senza-titolo-16.png","datePublished":"2024-02-28T08:18:54+00:00","breadcrumb":{"@id":"https:\/\/www.generalfilter.com\/prodotto\/fx20-fx30-fx40-2\/#breadcrumb"},"inLanguage":"de","potentialAction":[{"@type":"ReadAction","target":["https:\/\/www.generalfilter.com\/prodotto\/fx20-fx30-fx40-2\/"]}]},{"@type":"ImageObject","inLanguage":"de","@id":"https:\/\/www.generalfilter.com\/prodotto\/fx20-fx30-fx40-2\/#primaryimage","url":"https:\/\/www.generalfilter.com\/wp-content\/uploads\/2024\/02\/Progetto-senza-titolo-16.png","contentUrl":"https:\/\/www.generalfilter.com\/wp-content\/uploads\/2024\/02\/Progetto-senza-titolo-16.png","width":800,"height":800,"caption":"FX20-FX30-FX40"},{"@type":"BreadcrumbList","@id":"https:\/\/www.generalfilter.com\/prodotto\/fx20-fx30-fx40-2\/#breadcrumb","itemListElement":[{"@type":"ListItem","position":1,"name":"Home","item":"https:\/\/www.generalfilter.com\/"},{"@type":"ListItem","position":2,"name":"Shop","item":"https:\/\/www.generalfilter.com\/de\/shop\/"},{"@type":"ListItem","position":3,"name":"FX20-FX30-FX40"}]},{"@type":"WebSite","@id":"https:\/\/www.generalfilter.com\/#website","url":"https:\/\/www.generalfilter.com\/","name":"General Filter","description":"","publisher":{"@id":"https:\/\/www.generalfilter.com\/#organization"},"potentialAction":[{"@type":"SearchAction","target":{"@type":"EntryPoint","urlTemplate":"https:\/\/www.generalfilter.com\/?s={search_term_string}"},"query-input":{"@type":"PropertyValueSpecification","valueRequired":true,"valueName":"search_term_string"}}],"inLanguage":"de"},{"@type":"Organization","@id":"https:\/\/www.generalfilter.com\/#organization","name":"General Filter","url":"https:\/\/www.generalfilter.com\/","logo":{"@type":"ImageObject","inLanguage":"de","@id":"https:\/\/www.generalfilter.com\/#\/schema\/logo\/image\/","url":"https:\/\/www.generalfilter.com\/wp-content\/uploads\/2024\/01\/logo-general-filter-1.png","contentUrl":"https:\/\/www.generalfilter.com\/wp-content\/uploads\/2024\/01\/logo-general-filter-1.png","width":1000,"height":221,"caption":"General Filter"},"image":{"@id":"https:\/\/www.generalfilter.com\/#\/schema\/logo\/image\/"}}]}},"_links":{"self":[{"href":"https:\/\/www.generalfilter.com\/de\/wp-json\/wp\/v2\/product\/14039","targetHints":{"allow":["GET"]}}],"collection":[{"href":"https:\/\/www.generalfilter.com\/de\/wp-json\/wp\/v2\/product"}],"about":[{"href":"https:\/\/www.generalfilter.com\/de\/wp-json\/wp\/v2\/types\/product"}],"version-history":[{"count":0,"href":"https:\/\/www.generalfilter.com\/de\/wp-json\/wp\/v2\/product\/14039\/revisions"}],"wp:featuredmedia":[{"embeddable":true,"href":"https:\/\/www.generalfilter.com\/de\/wp-json\/wp\/v2\/media\/5417"}],"wp:attachment":[{"href":"https:\/\/www.generalfilter.com\/de\/wp-json\/wp\/v2\/media?parent=14039"}],"wp:term":[{"taxonomy":"product_brand","embeddable":true,"href":"https:\/\/www.generalfilter.com\/de\/wp-json\/wp\/v2\/product_brand?post=14039"},{"taxonomy":"product_cat","embeddable":true,"href":"https:\/\/www.generalfilter.com\/de\/wp-json\/wp\/v2\/product_cat?post=14039"},{"taxonomy":"product_tag","embeddable":true,"href":"https:\/\/www.generalfilter.com\/de\/wp-json\/wp\/v2\/product_tag?post=14039"}],"curies":[{"name":"wp","href":"https:\/\/api.w.org\/{rel}","templated":true}]}}